{"id":28780,"date":"2025-11-27T23:11:37","date_gmt":"2025-11-27T22:11:37","guid":{"rendered":"https:\/\/airedefiestacuba.com\/?page_id=28780"},"modified":"2025-12-03T01:07:39","modified_gmt":"2025-12-03T00:07:39","slug":"sobre-nos","status":"publish","type":"page","link":"https:\/\/airedefiestacuba.com\/pt\/sobre-nos\/","title":{"rendered":"Sobre N\u00f3s"},"content":{"rendered":"<div data-elementor-type=\"wp-page\" data-elementor-id=\"28780\" class=\"elementor elementor-28780\" data-elementor-post-type=\"page\">\n\t\t\t\t<div class=\"elementor-element elementor-element-b1596db e-flex e-con-boxed e-con e-parent\" data-id=\"b1596db\" data-element_type=\"container\">\n\t\t\t\t\t<div class=\"e-con-inner\">\n\t\t\t\t<div class=\"elementor-element elementor-element-9243e02 elementor-widget elementor-widget-heading\" data-id=\"9243e02\" data-element_type=\"widget\" data-widget_type=\"heading.default\">\n\t\t\t\t<div class=\"elementor-widget-container\">\n\t\t\t\t\t<h1 class=\"elementor-heading-title elementor-size-default\">SOBRE N\u00d3S<\/h1>\t\t\t\t<\/div>\n\t\t\t\t<\/div>\n\t\t\t\t<div class=\"elementor-element elementor-element-a60546f elementor-widget elementor-widget-text-editor\" data-id=\"a60546f\" data-element_type=\"widget\" data-widget_type=\"text-editor.default\">\n\t\t\t\t<div class=\"elementor-widget-container\">\n\t\t\t\t\t\t\t\t\t<p>Aire de Fiesta \u00e9 a <strong>empresa l\u00edder em casamentos e eventos em Cuba<\/strong>. Com sede principal em Havana e presen\u00e7a em Varadero, h\u00e1 mais de uma d\u00e9cada somos a refer\u00eancia do setor.<\/p><p>\u00a0<\/p>\t\t\t\t\t\t\t\t<\/div>\n\t\t\t\t<\/div>\n\t\t\t\t<div class=\"elementor-element elementor-element-a8b74c9 elementor-widget elementor-widget-text-editor\" data-id=\"a8b74c9\" data-element_type=\"widget\" data-widget_type=\"text-editor.default\">\n\t\t\t\t<div class=\"elementor-widget-container\">\n\t\t\t\t\t\t\t\t\t<h2>NOSSA VIS\u00c3O<\/h2>\t\t\t\t\t\t\t\t<\/div>\n\t\t\t\t<\/div>\n\t\t\t\t<div class=\"elementor-element elementor-element-c193878 elementor-widget elementor-widget-text-editor\" data-id=\"c193878\" data-element_type=\"widget\" data-widget_type=\"text-editor.default\">\n\t\t\t\t<div class=\"elementor-widget-container\">\n\t\t\t\t\t\t\t\t\t<p>O que nos fez crescer e nos mant\u00e9m como l\u00edderes \u00e9 a vis\u00e3o da nossa fundadora, <strong>Ailed de Guevara<\/strong>, que desde o in\u00edcio <strong>prop\u00f4s-se a demonstrar que em Cuba tamb\u00e9m poderiam existir grandes eventos  com padr\u00f5es internacionais<\/strong>.<\/p><p>\u00a0<\/p><p>Naquele momento n\u00e3o existiam casamentos de grande magnitude, e fomos n\u00f3s que come\u00e7amos a torn\u00e1-los poss\u00edveis. <strong>Ouvimos muitas vezes \u201cvoc\u00eas s\u00e3o loucos\u201d<\/strong>, e no entanto, ali esteve a chave: n\u00e3o nos conformarmos com o que existia, mas abrir novos caminhos. Esse esp\u00edrito continua guiando nosso trabalho, com o objetivo de aproximar cada vez mais Cuba do cen\u00e1rio internacional e de criar eventos que n\u00e3o sejam apenas montagens, mas experi\u00eancias memor\u00e1veis.<\/p><p>\u00a0<\/p>\t\t\t\t\t\t\t\t<\/div>\n\t\t\t\t<\/div>\n\t\t\t\t<div class=\"elementor-element elementor-element-c0a2638 elementor-widget elementor-widget-text-editor\" data-id=\"c0a2638\" data-element_type=\"widget\" data-widget_type=\"text-editor.default\">\n\t\t\t\t<div class=\"elementor-widget-container\">\n\t\t\t\t\t\t\t\t\t<h2>NOSSOS PONTOS FORTES<\/h2>\t\t\t\t\t\t\t\t<\/div>\n\t\t\t\t<\/div>\n\t\t\t\t<div class=\"elementor-element elementor-element-0abd3ff elementor-widget elementor-widget-text-editor\" data-id=\"0abd3ff\" data-element_type=\"widget\" data-widget_type=\"text-editor.default\">\n\t\t\t\t<div class=\"elementor-widget-container\">\n\t\t\t\t\t\t\t\t\t<p>Sem d\u00favidas, uma grande fortaleza \u00e9 <strong>contar com um invent\u00e1rio pr\u00f3prio que faz a diferen\u00e7a<\/strong>: mobili\u00e1rio, bares, plataformas, pistas de dan\u00e7a, \u00e1reas lounge, p\u00e9rgulas, esta\u00e7\u00f5es de comida, lou\u00e7as, vidrarias, ilumina\u00e7\u00e3o e muito mais. Tudo o que um evento precisa para ganhar forma, junto ao que n\u00e3o se v\u00ea, mas garante que tudo funcione: <strong>desde equipamentos de bar at\u00e9 solu\u00e7\u00f5es t\u00e9cnicas e de servi\u00e7o<\/strong>.<\/p><p>\u00a0<\/p><p>Agora bem, <strong>o que realmente nos distingue \u00e9 a capacidade de unir esses recursos a uma grande equipe humana<\/strong>. Em grandes produ\u00e7\u00f5es <strong>podemos mobilizar mais de 50 profissionais apenas para a montagem<\/strong>, sem contar gastronomia nem coordena\u00e7\u00e3o. E em tempos de feiras <strong>j\u00e1 chegamos a oferecer suporte log\u00edstico de mobili\u00e1rio e decora\u00e7\u00e3o para eventos com mais de mil pessoas<\/strong>, podendo atender a v\u00e1rios deles na mesma semana. Isso exige prepara\u00e7\u00e3o, dire\u00e7\u00e3o e uma equipe s\u00f3lida por tr\u00e1s, al\u00e9m do invent\u00e1rio.\u00a0<\/p><p>\u00a0<\/p>\t\t\t\t\t\t\t\t<\/div>\n\t\t\t\t<\/div>\n\t\t\t\t<div class=\"elementor-element elementor-element-a0231b8 elementor-widget elementor-widget-text-editor\" data-id=\"a0231b8\" data-element_type=\"widget\" data-widget_type=\"text-editor.default\">\n\t\t\t\t<div class=\"elementor-widget-container\">\n\t\t\t\t\t\t\t\t\t<h2>NOSSA EQUIPE<\/h2>\t\t\t\t\t\t\t\t<\/div>\n\t\t\t\t<\/div>\n\t\t\t\t<div class=\"elementor-element elementor-element-0a0113f elementor-widget elementor-widget-text-editor\" data-id=\"0a0113f\" data-element_type=\"widget\" data-widget_type=\"text-editor.default\">\n\t\t\t\t<div class=\"elementor-widget-container\">\n\t\t\t\t\t\t\t\t\t<p><strong>Cada \u00e1rea \u00e9 coberta por especialistas:<\/strong> coordenadoras com forma\u00e7\u00e3o em turismo, um chefe de montagem que \u00e9 engenheiro, designers de eventos que s\u00e3o arquitetas e a floricultura mais reconhecida de Cuba como aliada permanente.<\/p><p>\u00a0<\/p><p>Conosco voc\u00ea n\u00e3o contrata uma pessoa, e sim equipes completas em cada \u00e1rea, cada uma com respaldo e sob a mesma vis\u00e3o. Isso garante que um imprevisto em uma frente nunca afete o resultado geral, porque cada fun\u00e7\u00e3o est\u00e1 nas m\u00e3os de profissionais distintos e dedicados.<\/p><p>\u00a0<\/p><p>Fazemos projetos s\u00f3lidos e bem desenhados, mas na pr\u00e1tica a realidade sempre os supera, porque <strong>nunca nos conformamos e sempre entregamos mais <\/strong><strong>do que prometemos.<\/strong><\/p><p>\u00a0<\/p>\t\t\t\t\t\t\t\t<\/div>\n\t\t\t\t<\/div>\n\t\t\t\t<div class=\"elementor-element elementor-element-505a727 elementor-widget elementor-widget-text-editor\" data-id=\"505a727\" data-element_type=\"widget\" data-widget_type=\"text-editor.default\">\n\t\t\t\t<div class=\"elementor-widget-container\">\n\t\t\t\t\t\t\t\t\t<h2>POR QUE NOS ESCOLHER<\/h2>\t\t\t\t\t\t\t\t<\/div>\n\t\t\t\t<\/div>\n\t\t\t\t<div class=\"elementor-element elementor-element-4138b62 elementor-widget elementor-widget-text-editor\" data-id=\"4138b62\" data-element_type=\"widget\" data-widget_type=\"text-editor.default\">\n\t\t\t\t<div class=\"elementor-widget-container\">\n\t\t\t\t\t\t\t\t\t<p><strong>O dia do seu casamento n\u00e3o \u00e9 um dia para correr riscos.<\/strong> Tamb\u00e9m n\u00e3o \u00e9 um grande evento de marca, uma festa de quinze anos ou qualquer celebra\u00e7\u00e3o especial.<\/p><p>\u00a0<\/p><p><strong>Aire de Fiesta significa experi\u00eancia, vis\u00e3o e uma equipe comprovada em situa\u00e7\u00f5es extremas e em montagens com centenas de pessoas.<\/strong><\/p><p>\u00a0<\/p><p>Somos a empresa l\u00edder no setor de casamentos e eventos em Cuba, com um nome e um prest\u00edgio que cuidamos em cada detalhe. E se ainda quiser confirmar, ou\u00e7a os depoimentos de quem mais entende: diretores de redes hoteleiras e grandes profissionais da ind\u00fastria que, com sua palavra, avalizam a solidez e o valor do nosso trabalho. N\u00e3o s\u00e3o influencers nem rostos conhecidos: s\u00e3o especialistas em eventos, e sua palavra \u00e9 garantia real.<\/p>\t\t\t\t\t\t\t\t<\/div>\n\t\t\t\t<\/div>\n\t\t<div class=\"elementor-element elementor-element-2926855 e-con-full e-flex e-con e-child\" data-id=\"2926855\" data-element_type=\"container\">\n\t\t\t\t<div class=\"elementor-element elementor-element-8db4572 elementor-widget__width-initial elementor-widget-mobile__width-inherit elementor-widget elementor-widget-heading\" data-id=\"8db4572\" data-element_type=\"widget\" data-widget_type=\"heading.default\">\n\t\t\t\t<div class=\"elementor-widget-container\">\n\t\t\t\t\t<h2 class=\"elementor-heading-title elementor-size-default\">DEPOIMENTOS\n<\/h2>\t\t\t\t<\/div>\n\t\t\t\t<\/div>\n\t\t\t\t<\/div>\n\t\t\t\t\t<\/div>\n\t\t\t\t<\/div>\n\t\t<div class=\"elementor-element elementor-element-346bfee e-flex e-con-boxed e-con e-parent\" data-id=\"346bfee\" data-element_type=\"container\">\n\t\t\t\t\t<div class=\"e-con-inner\">\n\t\t<div class=\"elementor-element elementor-element-dfeedd9 e-con-full e-flex e-con e-child\" data-id=\"dfeedd9\" data-element_type=\"container\">\n\t\t\t\t<div class=\"elementor-element elementor-element-e85d297 elementor-widget elementor-widget-video\" data-id=\"e85d297\" data-element_type=\"widget\" data-settings=\"{&quot;youtube_url&quot;:&quot;https:\\\/\\\/youtu.be\\\/KeHRlyCPL3A&quot;,&quot;video_type&quot;:&quot;youtube&quot;,&quot;controls&quot;:&quot;yes&quot;}\" data-widget_type=\"video.default\">\n\t\t\t\t<div class=\"elementor-widget-container\">\n\t\t\t\t\t\t\t<div class=\"elementor-wrapper elementor-open-inline\">\n\t\t\t<div class=\"elementor-video\"><\/div>\t\t<\/div>\n\t\t\t\t\t\t<\/div>\n\t\t\t\t<\/div>\n\t\t\t\t<div class=\"elementor-element elementor-element-115f13a elementor-widget elementor-widget-text-editor\" data-id=\"115f13a\" data-element_type=\"widget\" data-widget_type=\"text-editor.default\">\n\t\t\t\t<div class=\"elementor-widget-container\">\n\t\t\t\t\t\t\t\t\t<p><strong>Alejandro Barrios Alvarez<\/strong> (Diretor Geral da Iberostar Cuba)<\/p>\t\t\t\t\t\t\t\t<\/div>\n\t\t\t\t<\/div>\n\t\t\t\t<\/div>\n\t\t<div class=\"elementor-element elementor-element-1d4bc60 e-con-full e-flex e-con e-child\" data-id=\"1d4bc60\" data-element_type=\"container\">\n\t\t\t\t<div class=\"elementor-element elementor-element-a0391e8 elementor-widget elementor-widget-video\" data-id=\"a0391e8\" data-element_type=\"widget\" data-settings=\"{&quot;youtube_url&quot;:&quot;https:\\\/\\\/youtube.com\\\/shorts\\\/LOYTc2eXpkw?feature=share&quot;,&quot;video_type&quot;:&quot;youtube&quot;,&quot;controls&quot;:&quot;yes&quot;}\" data-widget_type=\"video.default\">\n\t\t\t\t<div class=\"elementor-widget-container\">\n\t\t\t\t\t\t\t<div class=\"elementor-wrapper elementor-open-inline\">\n\t\t\t<div class=\"elementor-video\"><\/div>\t\t<\/div>\n\t\t\t\t\t\t<\/div>\n\t\t\t\t<\/div>\n\t\t\t\t<div class=\"elementor-element elementor-element-c45f4ef elementor-widget elementor-widget-text-editor\" data-id=\"c45f4ef\" data-element_type=\"widget\" data-widget_type=\"text-editor.default\">\n\t\t\t\t<div class=\"elementor-widget-container\">\n\t\t\t\t\t\t\t\t\t<p><strong>Yoan Hereira Naranjo<\/strong>\u00a0(Gerente Corporativo de Alimentos e Bebidas Meli\u00e1 Hotels International Cuba)<\/p>\t\t\t\t\t\t\t\t<\/div>\n\t\t\t\t<\/div>\n\t\t\t\t<\/div>\n\t\t\t\t\t<\/div>\n\t\t\t\t<\/div>\n\t\t<div class=\"elementor-element elementor-element-f6c42b2 e-con-full e-flex e-con e-parent\" data-id=\"f6c42b2\" data-element_type=\"container\">\n\t\t\t\t<div class=\"elementor-element elementor-element-a75ba6c elementor-widget__width-initial elementor-align-center elementor-mobile-align-justify elementor-widget elementor-widget-button\" data-id=\"a75ba6c\" data-element_type=\"widget\" data-widget_type=\"button.default\">\n\t\t\t\t<div class=\"elementor-widget-container\">\n\t\t\t\t\t\t\t\t\t<div class=\"elementor-button-wrapper\">\n\t\t\t\t\t<a class=\"elementor-button elementor-button-link elementor-size-sm\" href=\"https:\/\/wa.me\/5358359595?text=Estoy%20interesada%20en%20realizar%20mi%20evento%20con%20ustedes.\">\n\t\t\t\t\t\t<span class=\"elementor-button-content-wrapper\">\n\t\t\t\t\t\t<span class=\"elementor-button-icon\">\n\t\t\t\t<svg aria-hidden=\"true\" class=\"e-font-icon-svg e-fab-whatsapp\" viewbox=\"0 0 448 512\" xmlns=\"http:\/\/www.w3.org\/2000\/svg\"><path d=\"M380.9 97.1C339 55.1 283.2 32 223.9 32c-122.4 0-222 99.6-222 222 0 39.1 10.2 77.3 29.6 111L0 480l117.7-30.9c32.4 17.7 68.9 27 106.1 27h.1c122.3 0 224.1-99.6 224.1-222 0-59.3-25.2-115-67.1-157zm-157 341.6c-33.2 0-65.7-8.9-94-25.7l-6.7-4-69.8 18.3L72 359.2l-4.4-7c-18.5-29.4-28.2-63.3-28.2-98.2 0-101.7 82.8-184.5 184.6-184.5 49.3 0 95.6 19.2 130.4 54.1 34.8 34.9 56.2 81.2 56.1 130.5 0 101.8-84.9 184.6-186.6 184.6zm101.2-138.2c-5.5-2.8-32.8-16.2-37.9-18-5.1-1.9-8.8-2.8-12.5 2.8-3.7 5.6-14.3 18-17.6 21.8-3.2 3.7-6.5 4.2-12 1.4-32.6-16.3-54-29.1-75.5-66-5.7-9.8 5.7-9.1 16.3-30.3 1.8-3.7.9-6.9-.5-9.7-1.4-2.8-12.5-30.1-17.1-41.2-4.5-10.8-9.1-9.3-12.5-9.5-3.2-.2-6.9-.2-10.6-.2-3.7 0-9.7 1.4-14.8 6.9-5.1 5.6-19.4 19-19.4 46.3 0 27.3 19.9 53.7 22.6 57.4 2.8 3.7 39.1 59.7 94.8 83.8 35.2 15.2 49 16.5 66.6 13.9 10.7-1.6 32.8-13.4 37.4-26.4 4.6-13 4.6-24.1 3.2-26.4-1.3-2.5-5-3.9-10.5-6.6z\"><\/path><\/svg>\t\t\t<\/span>\n\t\t\t\t\t\t\t\t\t<span class=\"elementor-button-text\">Contratar servi\u00e7o<\/span>\n\t\t\t\t\t<\/span>\n\t\t\t\t\t<\/a>\n\t\t\t\t<\/div>\n\t\t\t\t\t\t\t\t<\/div>\n\t\t\t\t<\/div>\n\t\t\t\t<\/div>\n\t\t\t\t<\/div>","protected":false},"excerpt":{"rendered":"<p>SOBRE NOSOTROS Aire de Fiesta es la empresa l\u00edder en bodas y eventos en Cuba. Con sede principal en La Habana y presencia en Varadero, llevamos m\u00e1s de una d\u00e9cada siendo el referente del sector. \u00a0 NUESTRA VISI\u00d3N Lo que nos hizo crecer y nos mantiene como l\u00edderes es la visi\u00f3n de nuestra fundadora, Ailed [&hellip;]<\/p>","protected":false},"author":18,"featured_media":0,"parent":0,"menu_order":0,"comment_status":"closed","ping_status":"closed","template":"","meta":{"site-sidebar-layout":"no-sidebar","site-content-layout":"page-builder","ast-site-content-layout":"full-width-container","site-content-style":"default","site-sidebar-style":"default","ast-global-header-display":"","ast-banner-title-visibility":"","ast-main-header-display":"","ast-hfb-above-header-display":"","ast-hfb-below-header-display":"","ast-hfb-mobile-header-display":"","site-post-title":"disabled","ast-breadcrumbs-content":"","ast-featured-img":"disabled","footer-sml-layout":"","theme-transparent-header-meta":"","adv-header-id-meta":"","stick-header-meta":"","header-above-stick-meta":"","header-main-stick-meta":"","header-below-stick-meta":"","astra-migrate-meta-layouts":"set","ast-page-background-enabled":"default","ast-page-background-meta":{"desktop":{"background-color":"var(--ast-global-color-4)","background-image":"","background-repeat":"repeat","background-position":"center center","background-size":"auto","background-attachment":"scroll","background-type":"","background-media":"","overlay-type":"","overlay-color":"","overlay-opacity":"","overlay-gradient":""},"tablet":{"background-color":"","background-image":"","background-repeat":"repeat","background-position":"center center","background-size":"auto","background-attachment":"scroll","background-type":"","background-media":"","overlay-type":"","overlay-color":"","overlay-opacity":"","overlay-gradient":""},"mobile":{"background-color":"","background-image":"","background-repeat":"repeat","background-position":"center center","background-size":"auto","background-attachment":"scroll","background-type":"","background-media":"","overlay-type":"","overlay-color":"","overlay-opacity":"","overlay-gradient":""}},"ast-content-background-meta":{"desktop":{"background-color":"var(--ast-global-color-5)","background-image":"","background-repeat":"repeat","background-position":"center center","background-size":"auto","background-attachment":"scroll","background-type":"","background-media":"","overlay-type":"","overlay-color":"","overlay-opacity":"","overlay-gradient":""},"tablet":{"background-color":"var(--ast-global-color-5)","background-image":"","background-repeat":"repeat","background-position":"center center","background-size":"auto","background-attachment":"scroll","background-type":"","background-media":"","overlay-type":"","overlay-color":"","overlay-opacity":"","overlay-gradient":""},"mobile":{"background-color":"var(--ast-global-color-5)","background-image":"","background-repeat":"repeat","background-position":"center center","background-size":"auto","background-attachment":"scroll","background-type":"","background-media":"","overlay-type":"","overlay-color":"","overlay-opacity":"","overlay-gradient":""}},"footnotes":""},"class_list":["post-28780","page","type-page","status-publish","hentry"],"yoast_head":"<!-- This site is optimized with the Yoast SEO Premium plugin v24.1 (Yoast SEO v26.7) - https:\/\/yoast.com\/wordpress\/plugins\/seo\/ -->\n<title>Sobre Nosotros | Aire de Fiesta<\/title>\n<meta name=\"description\" content=\"Aire de Fiesta es la empresa l\u00edder en bodas y eventos en Cuba. Llevamos m\u00e1s de una d\u00e9cada siendo el referente del sector. Sede en La Habana.\" \/>\n<meta name=\"robots\" content=\"index, follow, max-snippet:-1, max-image-preview:large, max-video-preview:-1\" \/>\n<link rel=\"canonical\" href=\"https:\/\/airedefiestacuba.com\/pt\/sobre-nos\/\" \/>\n<meta property=\"og:locale\" content=\"pt_BR\" \/>\n<meta property=\"og:type\" content=\"article\" \/>\n<meta property=\"og:title\" content=\"Sobre Nosotros\" \/>\n<meta property=\"og:description\" content=\"Bodas en La Habana y Varadero. Wedding planner de bodas en Cuba con dise\u00f1o exclusivo, atenci\u00f3n al detalle y escenarios inolvidables.\" \/>\n<meta property=\"og:url\" content=\"https:\/\/airedefiestacuba.com\/pt\/sobre-nos\/\" \/>\n<meta property=\"og:site_name\" content=\"Bodas en Cuba | Organizadores Expertos con +10 A\u00f1os de \u00c9xito\" \/>\n<meta property=\"article:modified_time\" content=\"2025-12-03T00:07:39+00:00\" \/>\n<meta property=\"og:image\" content=\"https:\/\/airedefiestacuba.com\/wp-content\/uploads\/2025\/01\/alba-renato-walking-seashore-varadero-wedding-scaled.jpg\" \/>\n\t<meta property=\"og:image:width\" content=\"2560\" \/>\n\t<meta property=\"og:image:height\" content=\"1707\" \/>\n\t<meta property=\"og:image:type\" content=\"image\/jpeg\" \/>\n<meta name=\"twitter:card\" content=\"summary_large_image\" \/>\n<meta name=\"twitter:description\" content=\"Bodas en La Habana y Varadero. Wedding planner de bodas en Cuba con dise\u00f1o exclusivo, atenci\u00f3n al detalle y escenarios inolvidables.\" \/>\n<meta name=\"twitter:image\" content=\"https:\/\/airedefiestacuba.com\/wp-content\/uploads\/2025\/01\/alba-renato-walking-seashore-varadero-wedding-scaled.jpg\" \/>\n<meta name=\"twitter:label1\" content=\"Est. tempo de leitura\" \/>\n\t<meta name=\"twitter:data1\" content=\"3 minutos\" \/>\n<script type=\"application\/ld+json\" class=\"yoast-schema-graph\">{\"@context\":\"https:\/\/schema.org\",\"@graph\":[{\"@type\":\"WebPage\",\"@id\":\"https:\/\/airedefiestacuba.com\/sobre-nosotros\/\",\"url\":\"https:\/\/airedefiestacuba.com\/sobre-nosotros\/\",\"name\":\"Sobre Nosotros | Aire de Fiesta\",\"isPartOf\":{\"@id\":\"https:\/\/airedefiestacuba.com\/#website\"},\"datePublished\":\"2025-11-27T22:11:37+00:00\",\"dateModified\":\"2025-12-03T00:07:39+00:00\",\"description\":\"Aire de Fiesta es la empresa l\u00edder en bodas y eventos en Cuba. Llevamos m\u00e1s de una d\u00e9cada siendo el referente del sector. Sede en La Habana.\",\"breadcrumb\":{\"@id\":\"https:\/\/airedefiestacuba.com\/sobre-nosotros\/#breadcrumb\"},\"inLanguage\":\"pt-BR\",\"potentialAction\":[{\"@type\":\"ReadAction\",\"target\":[\"https:\/\/airedefiestacuba.com\/sobre-nosotros\/\"]}]},{\"@type\":\"BreadcrumbList\",\"@id\":\"https:\/\/airedefiestacuba.com\/sobre-nosotros\/#breadcrumb\",\"itemListElement\":[{\"@type\":\"ListItem\",\"position\":1,\"name\":\"Home\",\"item\":\"https:\/\/airedefiestacuba.com\/\"},{\"@type\":\"ListItem\",\"position\":2,\"name\":\"Sobre Nosotros\"}]},{\"@type\":\"WebSite\",\"@id\":\"https:\/\/airedefiestacuba.com\/#website\",\"url\":\"https:\/\/airedefiestacuba.com\/\",\"name\":\"Bodas en Cuba | Organizadores Expertos con +10 A\u00f1os de \u00c9xito\",\"description\":\"Expertos en bodas de destino en Cuba. Convertimos tu visi\u00f3n en una celebraci\u00f3n perfecta. Garantizamos que tu \u00fanico trabajo sea decir &quot;S\u00ed, quiero&quot;.\",\"publisher\":{\"@id\":\"https:\/\/airedefiestacuba.com\/#organization\"},\"potentialAction\":[{\"@type\":\"SearchAction\",\"target\":{\"@type\":\"EntryPoint\",\"urlTemplate\":\"https:\/\/airedefiestacuba.com\/?s={search_term_string}\"},\"query-input\":{\"@type\":\"PropertyValueSpecification\",\"valueRequired\":true,\"valueName\":\"search_term_string\"}}],\"inLanguage\":\"pt-BR\"},{\"@type\":\"Organization\",\"@id\":\"https:\/\/airedefiestacuba.com\/#organization\",\"name\":\"Bodas en Cuba | Organizadores Expertos con +10 A\u00f1os de \u00c9xito\",\"url\":\"https:\/\/airedefiestacuba.com\/\",\"logo\":{\"@type\":\"ImageObject\",\"inLanguage\":\"pt-BR\",\"@id\":\"https:\/\/airedefiestacuba.com\/#\/schema\/logo\/image\/\",\"url\":\"https:\/\/airedefiestacuba.com\/wp-content\/uploads\/2022\/03\/3Asset-3.png\",\"contentUrl\":\"https:\/\/airedefiestacuba.com\/wp-content\/uploads\/2022\/03\/3Asset-3.png\",\"width\":1460,\"height\":777,\"caption\":\"Bodas en Cuba | Organizadores Expertos con +10 A\u00f1os de \u00c9xito\"},\"image\":{\"@id\":\"https:\/\/airedefiestacuba.com\/#\/schema\/logo\/image\/\"}}]}<\/script>\n<!-- \/ Yoast SEO Premium plugin. -->","yoast_head_json":{"title":"Sobre N\u00f3s | Aire de Fiesta","description":"Aire de Fiesta \u00e9 a empresa l\u00edder em casamentos e eventos em Cuba. H\u00e1 mais de uma d\u00e9cada somos a refer\u00eancia do setor. Sede em Havana.","robots":{"index":"index","follow":"follow","max-snippet":"max-snippet:-1","max-image-preview":"max-image-preview:large","max-video-preview":"max-video-preview:-1"},"canonical":"https:\/\/airedefiestacuba.com\/pt\/sobre-nos\/","og_locale":"pt_BR","og_type":"article","og_title":"Sobre Nosotros","og_description":"Bodas en La Habana y Varadero. Wedding planner de bodas en Cuba con dise\u00f1o exclusivo, atenci\u00f3n al detalle y escenarios inolvidables.","og_url":"https:\/\/airedefiestacuba.com\/pt\/sobre-nos\/","og_site_name":"Bodas en Cuba | Organizadores Expertos con +10 A\u00f1os de \u00c9xito","article_modified_time":"2025-12-03T00:07:39+00:00","og_image":[{"width":2560,"height":1707,"url":"https:\/\/airedefiestacuba.com\/wp-content\/uploads\/2025\/01\/alba-renato-walking-seashore-varadero-wedding-scaled.jpg","type":"image\/jpeg"}],"twitter_card":"summary_large_image","twitter_description":"Bodas en La Habana y Varadero. Wedding planner de bodas en Cuba con dise\u00f1o exclusivo, atenci\u00f3n al detalle y escenarios inolvidables.","twitter_image":"https:\/\/airedefiestacuba.com\/wp-content\/uploads\/2025\/01\/alba-renato-walking-seashore-varadero-wedding-scaled.jpg","twitter_misc":{"Est. tempo de leitura":"3 minutos"},"schema":{"@context":"https:\/\/schema.org","@graph":[{"@type":"WebPage","@id":"https:\/\/airedefiestacuba.com\/sobre-nosotros\/","url":"https:\/\/airedefiestacuba.com\/sobre-nosotros\/","name":"Sobre N\u00f3s | Aire de Fiesta","isPartOf":{"@id":"https:\/\/airedefiestacuba.com\/#website"},"datePublished":"2025-11-27T22:11:37+00:00","dateModified":"2025-12-03T00:07:39+00:00","description":"Aire de Fiesta \u00e9 a empresa l\u00edder em casamentos e eventos em Cuba. H\u00e1 mais de uma d\u00e9cada somos a refer\u00eancia do setor. Sede em Havana.","breadcrumb":{"@id":"https:\/\/airedefiestacuba.com\/sobre-nosotros\/#breadcrumb"},"inLanguage":"pt-BR","potentialAction":[{"@type":"ReadAction","target":["https:\/\/airedefiestacuba.com\/sobre-nosotros\/"]}]},{"@type":"BreadcrumbList","@id":"https:\/\/airedefiestacuba.com\/sobre-nosotros\/#breadcrumb","itemListElement":[{"@type":"ListItem","position":1,"name":"Home","item":"https:\/\/airedefiestacuba.com\/"},{"@type":"ListItem","position":2,"name":"Sobre Nosotros"}]},{"@type":"WebSite","@id":"https:\/\/airedefiestacuba.com\/#website","url":"https:\/\/airedefiestacuba.com\/","name":"Casamentos em Cuba | Organizadores especialistas com mais de 10 anos de sucesso","description":"Especialistas em casamentos de destino em Cuba. Transformamos a sua vis\u00e3o numa celebra\u00e7\u00e3o perfeita. Garantimos que o seu \u00fanico trabalho ser\u00e1 dizer \"Sim, quero\".","publisher":{"@id":"https:\/\/airedefiestacuba.com\/#organization"},"potentialAction":[{"@type":"SearchAction","target":{"@type":"EntryPoint","urlTemplate":"https:\/\/airedefiestacuba.com\/?s={search_term_string}"},"query-input":{"@type":"PropertyValueSpecification","valueRequired":true,"valueName":"search_term_string"}}],"inLanguage":"pt-BR"},{"@type":"Organization","@id":"https:\/\/airedefiestacuba.com\/#organization","name":"Casamentos em Cuba | Organizadores especialistas com mais de 10 anos de sucesso","url":"https:\/\/airedefiestacuba.com\/","logo":{"@type":"ImageObject","inLanguage":"pt-BR","@id":"https:\/\/airedefiestacuba.com\/#\/schema\/logo\/image\/","url":"https:\/\/airedefiestacuba.com\/wp-content\/uploads\/2022\/03\/3Asset-3.png","contentUrl":"https:\/\/airedefiestacuba.com\/wp-content\/uploads\/2022\/03\/3Asset-3.png","width":1460,"height":777,"caption":"Bodas en Cuba | Organizadores Expertos con +10 A\u00f1os de \u00c9xito"},"image":{"@id":"https:\/\/airedefiestacuba.com\/#\/schema\/logo\/image\/"}}]}},"_links":{"self":[{"href":"https:\/\/airedefiestacuba.com\/pt\/wp-json\/wp\/v2\/pages\/28780","targetHints":{"allow":["GET"]}}],"collection":[{"href":"https:\/\/airedefiestacuba.com\/pt\/wp-json\/wp\/v2\/pages"}],"about":[{"href":"https:\/\/airedefiestacuba.com\/pt\/wp-json\/wp\/v2\/types\/page"}],"author":[{"embeddable":true,"href":"https:\/\/airedefiestacuba.com\/pt\/wp-json\/wp\/v2\/users\/18"}],"replies":[{"embeddable":true,"href":"https:\/\/airedefiestacuba.com\/pt\/wp-json\/wp\/v2\/comments?post=28780"}],"version-history":[{"count":34,"href":"https:\/\/airedefiestacuba.com\/pt\/wp-json\/wp\/v2\/pages\/28780\/revisions"}],"predecessor-version":[{"id":28827,"href":"https:\/\/airedefiestacuba.com\/pt\/wp-json\/wp\/v2\/pages\/28780\/revisions\/28827"}],"wp:attachment":[{"href":"https:\/\/airedefiestacuba.com\/pt\/wp-json\/wp\/v2\/media?parent=28780"}],"curies":[{"name":"wp","href":"https:\/\/api.w.org\/{rel}","templated":true}]}}