{"id":2286,"date":"2024-01-18T22:00:49","date_gmt":"2024-01-18T21:00:49","guid":{"rendered":"https:\/\/airedefiestacuba.com\/?page_id=2286"},"modified":"2025-08-22T07:53:53","modified_gmt":"2025-08-22T05:53:53","slug":"contatar-wedding-planner-em-cuba","status":"publish","type":"page","link":"https:\/\/airedefiestacuba.com\/pt\/contatar-wedding-planner-em-cuba\/","title":{"rendered":"Contato"},"content":{"rendered":"<div data-elementor-type=\"wp-page\" data-elementor-id=\"2286\" class=\"elementor elementor-2286\" data-elementor-post-type=\"page\">\n\t\t\t\t<div class=\"elementor-element elementor-element-37f772e e-con-full e-flex e-con e-parent\" data-id=\"37f772e\" data-element_type=\"container\">\n\t\t\t\t<div class=\"elementor-element elementor-element-779dfd0 elementor-widget__width-inherit elementor-widget elementor-widget-google_maps\" data-id=\"779dfd0\" data-element_type=\"widget\" data-widget_type=\"google_maps.default\">\n\t\t\t\t<div class=\"elementor-widget-container\">\n\t\t\t\t\t\t\t<div class=\"elementor-custom-embed\">\n\t\t\t<iframe loading=\"lazy\"\n\t\t\t\t\tsrc=\"https:\/\/maps.google.com\/maps?q=Aire%20de%20Fiesta%20La%20Habana&#038;t=m&#038;z=17&#038;output=embed&#038;iwloc=near\"\n\t\t\t\t\ttitle=\"Aire de Fiesta Havana\"\n\t\t\t\t\taria-label=\"Aire de Fiesta Havana\"\n\t\t\t><\/iframe>\n\t\t<\/div>\n\t\t\t\t\t\t<\/div>\n\t\t\t\t<\/div>\n\t\t\t\t<\/div>\n\t\t<div class=\"elementor-element elementor-element-1474c0e e-flex e-con-boxed e-con e-parent\" data-id=\"1474c0e\" data-element_type=\"container\">\n\t\t\t\t\t<div class=\"e-con-inner\">\n\t\t<div class=\"elementor-element elementor-element-abe587c e-con-full e-flex e-con e-child\" data-id=\"abe587c\" data-element_type=\"container\">\n\t\t\t\t<div class=\"elementor-element elementor-element-b6336f8 elementor-widget elementor-widget-heading\" data-id=\"b6336f8\" data-element_type=\"widget\" data-widget_type=\"heading.default\">\n\t\t\t\t<div class=\"elementor-widget-container\">\n\t\t\t\t\t<h1 class=\"elementor-heading-title elementor-size-default\">Contato<\/h1>\t\t\t\t<\/div>\n\t\t\t\t<\/div>\n\t\t\t\t<\/div>\n\t\t\t\t\t<\/div>\n\t\t\t\t<\/div>\n\t\t<div class=\"elementor-element elementor-element-b8d9c64 e-con-full e-flex e-con e-parent\" data-id=\"b8d9c64\" data-element_type=\"container\">\n\t\t<div class=\"elementor-element elementor-element-ba9a850 e-flex e-con-boxed e-con e-child\" data-id=\"ba9a850\" data-element_type=\"container\">\n\t\t\t\t\t<div class=\"e-con-inner\">\n\t\t\t\t<div class=\"elementor-element elementor-element-ac2c6eb elementor-widget elementor-widget-text-editor\" data-id=\"ac2c6eb\" data-element_type=\"widget\" data-widget_type=\"text-editor.default\">\n\t\t\t\t<div class=\"elementor-widget-container\">\n\t\t\t\t\t\t\t\t\t<p class=\"p1\">Na Aire de Fiesta, entendemos como \u00e9 importante sentir-se acompanhado desde o in\u00edcio. Por isso, oferecemos dois canais de contato diferentes, de acordo com o tipo de consulta ou a etapa do planejamento em que voc\u00ea se encontra.<\/p><p>\u00a0<\/p><h3 class=\"p4\"><b>Atendimento ao cliente via WhatsApp<\/b><\/h3><p class=\"p3\">Se voc\u00ea est\u00e1 dando os primeiros passos na organiza\u00e7\u00e3o do seu casamento ou evento em Cuba, este \u00e9 o canal ideal para voc\u00ea. Nossa equipe de atendimento ao cliente est\u00e1 dispon\u00edvel para responder suas perguntas, enviar informa\u00e7\u00f5es gerais, ajud\u00e1-lo com os or\u00e7amentos iniciais e gui\u00e1-lo no processo de planejamento.<\/p><p>\u00a0<\/p><p class=\"p3\">Escreva para n\u00f3s diretamente pelo WhatsApp e conte-nos que tipo de celebra\u00e7\u00e3o voc\u00ea tem em mente. Responderemos o mais r\u00e1pido poss\u00edvel com um atendimento pr\u00f3ximo, profissional e personalizado.<\/p><p>\u00a0<\/p><h3 class=\"p4\"><b>Dire\u00e7\u00e3o Geral<\/b><\/h3><p class=\"p3\">Alguns eventos exigem uma aten\u00e7\u00e3o mais direta. Se voc\u00ea j\u00e1 est\u00e1 em contato conosco ou se a sua celebra\u00e7\u00e3o \u00e9 especialmente complexa ou personalizada, pode se comunicar diretamente com a dire\u00e7\u00e3o geral. Este n\u00famero est\u00e1 reservado para noivas que est\u00e3o em est\u00e1gio avan\u00e7ado de planejamento, em tr\u00e2mites ou com situa\u00e7\u00f5es que requerem acompanhamento especial.<\/p><p>\u00a0<\/p><p class=\"p3\">Voc\u00ea tamb\u00e9m pode utilizar este canal se representar uma empresa ou institui\u00e7\u00e3o que deseja organizar um evento de alto perfil conosco.<\/p><p>\u00a0<\/p><p class=\"p1\">Em ambos os casos, pedimos que informe seu nome, a data estimada do evento e o tipo de celebra\u00e7\u00e3o que deseja organizar. Assim poderemos atend\u00ea-lo de forma mais r\u00e1pida e eficaz.<br \/><br \/>Estamos \u00e0 sua disposi\u00e7\u00e3o\u2026<\/p>\t\t\t\t\t\t\t\t<\/div>\n\t\t\t\t<\/div>\n\t\t\t\t\t<\/div>\n\t\t\t\t<\/div>\n\t\t\t\t<\/div>\n\t\t<div class=\"elementor-element elementor-element-2006e11 e-flex e-con-boxed e-con e-parent\" data-id=\"2006e11\" data-element_type=\"container\">\n\t\t\t\t\t<div class=\"e-con-inner\">\n\t\t<div class=\"elementor-element elementor-element-8c17e7d e-con-full e-flex e-con e-child\" data-id=\"8c17e7d\" data-element_type=\"container\" data-settings=\"{&quot;background_background&quot;:&quot;classic&quot;}\">\n\t\t\t\t<div class=\"elementor-element elementor-element-a2b4abd elementor-widget-tablet__width-initial elementor-widget-mobile__width-initial mailto elementor-widget elementor-widget-text-editor\" data-id=\"a2b4abd\" data-element_type=\"widget\" data-widget_type=\"text-editor.default\">\n\t\t\t\t<div class=\"elementor-widget-container\">\n\t\t\t\t\t\t\t\t\t<p><strong>Atendimento ao cliente: \u00a0<\/strong><\/p><p class=\"elementor-heading-title elementor-size-default\">\u00a0<\/p>\t\t\t\t\t\t\t\t<\/div>\n\t\t\t\t<\/div>\n\t\t\t\t<div class=\"elementor-element elementor-element-6a710c1 elementor-widget elementor-widget-heading\" data-id=\"6a710c1\" data-element_type=\"widget\" data-widget_type=\"heading.default\">\n\t\t\t\t<div class=\"elementor-widget-container\">\n\t\t\t\t\t<p class=\"elementor-heading-title elementor-size-default\"><a href=\"tel:+5358359595\">+53 5 8359595<\/a><\/p>\t\t\t\t<\/div>\n\t\t\t\t<\/div>\n\t\t\t\t<\/div>\n\t\t<div class=\"elementor-element elementor-element-cf4c9ee e-con-full e-flex e-con e-child\" data-id=\"cf4c9ee\" data-element_type=\"container\" data-settings=\"{&quot;background_background&quot;:&quot;classic&quot;}\">\n\t\t\t\t<div class=\"elementor-element elementor-element-3e3fcbb elementor-widget-tablet__width-initial elementor-widget-mobile__width-initial mailto elementor-widget elementor-widget-text-editor\" data-id=\"3e3fcbb\" data-element_type=\"widget\" data-widget_type=\"text-editor.default\">\n\t\t\t\t<div class=\"elementor-widget-container\">\n\t\t\t\t\t\t\t\t\t<p><strong>Dire\u00e7\u00e3o geral:<\/strong><\/p><p class=\"elementor-heading-title elementor-size-default\">\u00a0<\/p>\t\t\t\t\t\t\t\t<\/div>\n\t\t\t\t<\/div>\n\t\t\t\t<div class=\"elementor-element elementor-element-dd3b5ea elementor-widget elementor-widget-heading\" data-id=\"dd3b5ea\" data-element_type=\"widget\" data-widget_type=\"heading.default\">\n\t\t\t\t<div class=\"elementor-widget-container\">\n\t\t\t\t\t<p class=\"elementor-heading-title elementor-size-default\"><a href=\"tel:+5352589595\">+53 5 258 9595<\/a><\/p>\t\t\t\t<\/div>\n\t\t\t\t<\/div>\n\t\t\t\t<\/div>\n\t\t\t\t\t<\/div>\n\t\t\t\t<\/div>\n\t\t<div class=\"elementor-element elementor-element-efca14d e-con-full e-flex e-con e-parent\" data-id=\"efca14d\" data-element_type=\"container\">\n\t\t<div class=\"elementor-element elementor-element-a22af66 e-con-full e-flex e-con e-child\" data-id=\"a22af66\" data-element_type=\"container\" data-settings=\"{&quot;background_background&quot;:&quot;classic&quot;}\">\n\t\t\t\t<div class=\"elementor-element elementor-element-98b11b4 elementor-widget-tablet__width-initial elementor-widget-mobile__width-initial mailto elementor-widget elementor-widget-text-editor\" data-id=\"98b11b4\" data-element_type=\"widget\" data-widget_type=\"text-editor.default\">\n\t\t\t\t<div class=\"elementor-widget-container\">\n\t\t\t\t\t\t\t\t\t<p><strong>Email:<\/strong><\/p><p class=\"elementor-heading-title elementor-size-default\">\u00a0<\/p>\t\t\t\t\t\t\t\t<\/div>\n\t\t\t\t<\/div>\n\t\t\t\t<div class=\"elementor-element elementor-element-6547f7e elementor-widget elementor-widget-text-editor\" data-id=\"6547f7e\" data-element_type=\"widget\" data-widget_type=\"text-editor.default\">\n\t\t\t\t<div class=\"elementor-widget-container\">\n\t\t\t\t\t\t\t\t\t<p><a href=\"mailto:eventos@airedefiestacuba.com\">eventos@airedefiestacuba.com<\/a><\/p>\t\t\t\t\t\t\t\t<\/div>\n\t\t\t\t<\/div>\n\t\t\t\t<\/div>\n\t\t<div class=\"elementor-element elementor-element-5164b09 e-con-full e-flex e-con e-child\" data-id=\"5164b09\" data-element_type=\"container\" data-settings=\"{&quot;background_background&quot;:&quot;classic&quot;}\">\n\t\t\t\t<div class=\"elementor-element elementor-element-cd443ef elementor-widget-tablet__width-initial elementor-widget-mobile__width-initial mailto elementor-widget elementor-widget-text-editor\" data-id=\"cd443ef\" data-element_type=\"widget\" data-widget_type=\"text-editor.default\">\n\t\t\t\t<div class=\"elementor-widget-container\">\n\t\t\t\t\t\t\t\t\t<p><strong>Atendimento ao cliente:<\/strong><\/p><p class=\"elementor-heading-title elementor-size-default\">\u00a0<\/p>\t\t\t\t\t\t\t\t<\/div>\n\t\t\t\t<\/div>\n\t\t\t\t<div class=\"elementor-element elementor-element-fd1e437 elementor-widget-tablet__width-initial elementor-widget-mobile__width-initial mailto elementor-widget elementor-widget-text-editor\" data-id=\"fd1e437\" data-element_type=\"widget\" data-widget_type=\"text-editor.default\">\n\t\t\t\t<div class=\"elementor-widget-container\">\n\t\t\t\t\t\t\t\t\t<p>De segunda a sexta-feira. Das 10:00 \u00e0s 18:00<\/p><p class=\"elementor-heading-title elementor-size-default\">\u00a0<\/p>\t\t\t\t\t\t\t\t<\/div>\n\t\t\t\t<\/div>\n\t\t\t\t<\/div>\n\t\t\t\t<\/div>\n\t\t<div class=\"elementor-element elementor-element-6a885f6 e-flex e-con-boxed e-con e-parent\" data-id=\"6a885f6\" data-element_type=\"container\">\n\t\t\t\t\t<div class=\"e-con-inner\">\n\t\t\t\t<div class=\"elementor-element elementor-element-24688b3 elementor-widget-tablet__width-initial bordercolors elementor-widget elementor-widget-text-editor\" data-id=\"24688b3\" data-element_type=\"widget\" data-widget_type=\"text-editor.default\">\n\t\t\t\t<div class=\"elementor-widget-container\">\n\t\t\t\t\t\t\t\t\t<h3><a href=\"https:\/\/airedefiestacuba.com\/pt\/portfolio-de-casamentos-aire-de-fiesta\/\"><span style=\"text-decoration: underline;\">INSPIRE-SE COM NOSSO PORTF\u00d3LIO DE CASAMENTOS<\/span><\/a><\/h3>\t\t\t\t\t\t\t\t<\/div>\n\t\t\t\t<\/div>\n\t\t\t\t\t<\/div>\n\t\t\t\t<\/div>\n\t\t\t\t<\/div>","protected":false},"excerpt":{"rendered":"<p>Contacto En Aire de Fiesta entendemos lo importante que es sentirse acompa\u00f1ado desde el primer momento. Por eso, ofrecemos dos v\u00edas de contacto diferenciadas, seg\u00fan el tipo de consulta o la etapa de planificaci\u00f3n en la que te encuentres. \u00a0 Atenci\u00f3n al cliente v\u00eda WhatsApp Si est\u00e1s dando los primeros pasos en la organizaci\u00f3n de [&hellip;]<\/p>","protected":false},"author":1,"featured_media":0,"parent":0,"menu_order":0,"comment_status":"closed","ping_status":"closed","template":"elementor_header_footer","meta":{"site-sidebar-layout":"no-sidebar","site-content-layout":"page-builder","ast-site-content-layout":"full-width-container","site-content-style":"default","site-sidebar-style":"default","ast-global-header-display":"","ast-banner-title-visibility":"","ast-main-header-display":"","ast-hfb-above-header-display":"","ast-hfb-below-header-display":"","ast-hfb-mobile-header-display":"","site-post-title":"disabled","ast-breadcrumbs-content":"","ast-featured-img":"disabled","footer-sml-layout":"","theme-transparent-header-meta":"","adv-header-id-meta":"","stick-header-meta":"","header-above-stick-meta":"","header-main-stick-meta":"","header-below-stick-meta":"","astra-migrate-meta-layouts":"set","ast-page-background-enabled":"default","ast-page-background-meta":{"desktop":{"background-color":"var(--ast-global-color-4)","background-image":"","background-repeat":"repeat","background-position":"center center","background-size":"auto","background-attachment":"scroll","background-type":"","background-media":"","overlay-type":"","overlay-color":"","overlay-opacity":"","overlay-gradient":""},"tablet":{"background-color":"","background-image":"","background-repeat":"repeat","background-position":"center center","background-size":"auto","background-attachment":"scroll","background-type":"","background-media":"","overlay-type":"","overlay-color":"","overlay-opacity":"","overlay-gradient":""},"mobile":{"background-color":"","background-image":"","background-repeat":"repeat","background-position":"center center","background-size":"auto","background-attachment":"scroll","background-type":"","background-media":"","overlay-type":"","overlay-color":"","overlay-opacity":"","overlay-gradient":""}},"ast-content-background-meta":{"desktop":{"background-color":"var(--ast-global-color-5)","background-image":"","background-repeat":"repeat","background-position":"center center","background-size":"auto","background-attachment":"scroll","background-type":"","background-media":"","overlay-type":"","overlay-color":"","overlay-opacity":"","overlay-gradient":""},"tablet":{"background-color":"var(--ast-global-color-5)","background-image":"","background-repeat":"repeat","background-position":"center center","background-size":"auto","background-attachment":"scroll","background-type":"","background-media":"","overlay-type":"","overlay-color":"","overlay-opacity":"","overlay-gradient":""},"mobile":{"background-color":"var(--ast-global-color-5)","background-image":"","background-repeat":"repeat","background-position":"center center","background-size":"auto","background-attachment":"scroll","background-type":"","background-media":"","overlay-type":"","overlay-color":"","overlay-opacity":"","overlay-gradient":""}},"footnotes":""},"class_list":["post-2286","page","type-page","status-publish","hentry"],"yoast_head":"<!-- This site is optimized with the Yoast SEO Premium plugin v24.1 (Yoast SEO v26.7) - https:\/\/yoast.com\/wordpress\/plugins\/seo\/ -->\n<title>Contactar un wedding planner en Cuba | Aire de Fiesta<\/title>\n<meta name=\"description\" content=\"\u00bfQuieres contactar un wedding planner en Cuba? Escr\u00edbenos y descubre c\u00f3mo podemos ayudarte a planificar tu boda o evento especial.\" \/>\n<meta name=\"robots\" content=\"index, follow, max-snippet:-1, max-image-preview:large, max-video-preview:-1\" \/>\n<link rel=\"canonical\" href=\"https:\/\/airedefiestacuba.com\/pt\/contatar-wedding-planner-em-cuba\/\" \/>\n<meta property=\"og:locale\" content=\"pt_BR\" \/>\n<meta property=\"og:type\" content=\"article\" \/>\n<meta property=\"og:title\" content=\"Contacto\" \/>\n<meta property=\"og:description\" content=\"\u00bfQuieres contactar un wedding planner en Cuba? Escr\u00edbenos y descubre c\u00f3mo podemos ayudarte a planificar tu boda o evento especial.\" \/>\n<meta property=\"og:url\" content=\"https:\/\/airedefiestacuba.com\/pt\/contatar-wedding-planner-em-cuba\/\" \/>\n<meta property=\"og:site_name\" content=\"Bodas en Cuba | Organizadores Expertos con +10 A\u00f1os de \u00c9xito\" \/>\n<meta property=\"article:modified_time\" content=\"2025-08-22T05:53:53+00:00\" \/>\n<meta name=\"twitter:card\" content=\"summary_large_image\" \/>\n<meta name=\"twitter:label1\" content=\"Est. tempo de leitura\" \/>\n\t<meta name=\"twitter:data1\" content=\"2 minutos\" \/>\n<script type=\"application\/ld+json\" class=\"yoast-schema-graph\">{\"@context\":\"https:\/\/schema.org\",\"@graph\":[{\"@type\":\"WebPage\",\"@id\":\"https:\/\/airedefiestacuba.com\/contactar-wedding-planner-en-cuba\/\",\"url\":\"https:\/\/airedefiestacuba.com\/contactar-wedding-planner-en-cuba\/\",\"name\":\"Contactar un wedding planner en Cuba | Aire de Fiesta\",\"isPartOf\":{\"@id\":\"https:\/\/airedefiestacuba.com\/#website\"},\"datePublished\":\"2024-01-18T21:00:49+00:00\",\"dateModified\":\"2025-08-22T05:53:53+00:00\",\"description\":\"\u00bfQuieres contactar un wedding planner en Cuba? Escr\u00edbenos y descubre c\u00f3mo podemos ayudarte a planificar tu boda o evento especial.\",\"breadcrumb\":{\"@id\":\"https:\/\/airedefiestacuba.com\/contactar-wedding-planner-en-cuba\/#breadcrumb\"},\"inLanguage\":\"pt-BR\",\"potentialAction\":[{\"@type\":\"ReadAction\",\"target\":[\"https:\/\/airedefiestacuba.com\/contactar-wedding-planner-en-cuba\/\"]}]},{\"@type\":\"BreadcrumbList\",\"@id\":\"https:\/\/airedefiestacuba.com\/contactar-wedding-planner-en-cuba\/#breadcrumb\",\"itemListElement\":[{\"@type\":\"ListItem\",\"position\":1,\"name\":\"Home\",\"item\":\"https:\/\/airedefiestacuba.com\/\"},{\"@type\":\"ListItem\",\"position\":2,\"name\":\"Contacto\"}]},{\"@type\":\"WebSite\",\"@id\":\"https:\/\/airedefiestacuba.com\/#website\",\"url\":\"https:\/\/airedefiestacuba.com\/\",\"name\":\"Bodas en Cuba | Organizadores Expertos con +10 A\u00f1os de \u00c9xito\",\"description\":\"Expertos en bodas de destino en Cuba. Convertimos tu visi\u00f3n en una celebraci\u00f3n perfecta. Garantizamos que tu \u00fanico trabajo sea decir &quot;S\u00ed, quiero&quot;.\",\"publisher\":{\"@id\":\"https:\/\/airedefiestacuba.com\/#organization\"},\"potentialAction\":[{\"@type\":\"SearchAction\",\"target\":{\"@type\":\"EntryPoint\",\"urlTemplate\":\"https:\/\/airedefiestacuba.com\/?s={search_term_string}\"},\"query-input\":{\"@type\":\"PropertyValueSpecification\",\"valueRequired\":true,\"valueName\":\"search_term_string\"}}],\"inLanguage\":\"pt-BR\"},{\"@type\":\"Organization\",\"@id\":\"https:\/\/airedefiestacuba.com\/#organization\",\"name\":\"Bodas en Cuba | Organizadores Expertos con +10 A\u00f1os de \u00c9xito\",\"url\":\"https:\/\/airedefiestacuba.com\/\",\"logo\":{\"@type\":\"ImageObject\",\"inLanguage\":\"pt-BR\",\"@id\":\"https:\/\/airedefiestacuba.com\/#\/schema\/logo\/image\/\",\"url\":\"https:\/\/airedefiestacuba.com\/wp-content\/uploads\/2022\/03\/3Asset-3.png\",\"contentUrl\":\"https:\/\/airedefiestacuba.com\/wp-content\/uploads\/2022\/03\/3Asset-3.png\",\"width\":1460,\"height\":777,\"caption\":\"Bodas en Cuba | Organizadores Expertos con +10 A\u00f1os de \u00c9xito\"},\"image\":{\"@id\":\"https:\/\/airedefiestacuba.com\/#\/schema\/logo\/image\/\"}}]}<\/script>\n<!-- \/ Yoast SEO Premium plugin. -->","yoast_head_json":{"title":"Contactar um wedding planner em Cuba | Aire de Fiesta","description":"Quer contatar um wedding planner em Cuba? Escreva para n\u00f3s e descubra como podemos ajud\u00e1-lo a planejar seu casamento ou evento especial.","robots":{"index":"index","follow":"follow","max-snippet":"max-snippet:-1","max-image-preview":"max-image-preview:large","max-video-preview":"max-video-preview:-1"},"canonical":"https:\/\/airedefiestacuba.com\/pt\/contatar-wedding-planner-em-cuba\/","og_locale":"pt_BR","og_type":"article","og_title":"Contacto","og_description":"\u00bfQuieres contactar un wedding planner en Cuba? Escr\u00edbenos y descubre c\u00f3mo podemos ayudarte a planificar tu boda o evento especial.","og_url":"https:\/\/airedefiestacuba.com\/pt\/contatar-wedding-planner-em-cuba\/","og_site_name":"Bodas en Cuba | Organizadores Expertos con +10 A\u00f1os de \u00c9xito","article_modified_time":"2025-08-22T05:53:53+00:00","twitter_card":"summary_large_image","twitter_misc":{"Est. tempo de leitura":"2 minutos"},"schema":{"@context":"https:\/\/schema.org","@graph":[{"@type":"WebPage","@id":"https:\/\/airedefiestacuba.com\/contactar-wedding-planner-en-cuba\/","url":"https:\/\/airedefiestacuba.com\/contactar-wedding-planner-en-cuba\/","name":"Contactar um wedding planner em Cuba | Aire de Fiesta","isPartOf":{"@id":"https:\/\/airedefiestacuba.com\/#website"},"datePublished":"2024-01-18T21:00:49+00:00","dateModified":"2025-08-22T05:53:53+00:00","description":"Quer contatar um wedding planner em Cuba? Escreva para n\u00f3s e descubra como podemos ajud\u00e1-lo a planejar seu casamento ou evento especial.","breadcrumb":{"@id":"https:\/\/airedefiestacuba.com\/contactar-wedding-planner-en-cuba\/#breadcrumb"},"inLanguage":"pt-BR","potentialAction":[{"@type":"ReadAction","target":["https:\/\/airedefiestacuba.com\/contactar-wedding-planner-en-cuba\/"]}]},{"@type":"BreadcrumbList","@id":"https:\/\/airedefiestacuba.com\/contactar-wedding-planner-en-cuba\/#breadcrumb","itemListElement":[{"@type":"ListItem","position":1,"name":"Home","item":"https:\/\/airedefiestacuba.com\/"},{"@type":"ListItem","position":2,"name":"Contacto"}]},{"@type":"WebSite","@id":"https:\/\/airedefiestacuba.com\/#website","url":"https:\/\/airedefiestacuba.com\/","name":"Casamentos em Cuba | Organizadores especialistas com mais de 10 anos de sucesso","description":"Especialistas em casamentos de destino em Cuba. Transformamos a sua vis\u00e3o numa celebra\u00e7\u00e3o perfeita. Garantimos que o seu \u00fanico trabalho ser\u00e1 dizer \"Sim, quero\".","publisher":{"@id":"https:\/\/airedefiestacuba.com\/#organization"},"potentialAction":[{"@type":"SearchAction","target":{"@type":"EntryPoint","urlTemplate":"https:\/\/airedefiestacuba.com\/?s={search_term_string}"},"query-input":{"@type":"PropertyValueSpecification","valueRequired":true,"valueName":"search_term_string"}}],"inLanguage":"pt-BR"},{"@type":"Organization","@id":"https:\/\/airedefiestacuba.com\/#organization","name":"Casamentos em Cuba | Organizadores especialistas com mais de 10 anos de sucesso","url":"https:\/\/airedefiestacuba.com\/","logo":{"@type":"ImageObject","inLanguage":"pt-BR","@id":"https:\/\/airedefiestacuba.com\/#\/schema\/logo\/image\/","url":"https:\/\/airedefiestacuba.com\/wp-content\/uploads\/2022\/03\/3Asset-3.png","contentUrl":"https:\/\/airedefiestacuba.com\/wp-content\/uploads\/2022\/03\/3Asset-3.png","width":1460,"height":777,"caption":"Bodas en Cuba | Organizadores Expertos con +10 A\u00f1os de \u00c9xito"},"image":{"@id":"https:\/\/airedefiestacuba.com\/#\/schema\/logo\/image\/"}}]}},"_links":{"self":[{"href":"https:\/\/airedefiestacuba.com\/pt\/wp-json\/wp\/v2\/pages\/2286","targetHints":{"allow":["GET"]}}],"collection":[{"href":"https:\/\/airedefiestacuba.com\/pt\/wp-json\/wp\/v2\/pages"}],"about":[{"href":"https:\/\/airedefiestacuba.com\/pt\/wp-json\/wp\/v2\/types\/page"}],"author":[{"embeddable":true,"href":"https:\/\/airedefiestacuba.com\/pt\/wp-json\/wp\/v2\/users\/1"}],"replies":[{"embeddable":true,"href":"https:\/\/airedefiestacuba.com\/pt\/wp-json\/wp\/v2\/comments?post=2286"}],"version-history":[{"count":94,"href":"https:\/\/airedefiestacuba.com\/pt\/wp-json\/wp\/v2\/pages\/2286\/revisions"}],"predecessor-version":[{"id":28087,"href":"https:\/\/airedefiestacuba.com\/pt\/wp-json\/wp\/v2\/pages\/2286\/revisions\/28087"}],"wp:attachment":[{"href":"https:\/\/airedefiestacuba.com\/pt\/wp-json\/wp\/v2\/media?parent=2286"}],"curies":[{"name":"wp","href":"https:\/\/api.w.org\/{rel}","templated":true}]}}