{"id":28780,"date":"2025-11-27T23:11:37","date_gmt":"2025-11-27T22:11:37","guid":{"rendered":"https:\/\/airedefiestacuba.com\/?page_id=28780"},"modified":"2025-12-03T01:07:39","modified_gmt":"2025-12-03T00:07:39","slug":"about-us","status":"publish","type":"page","link":"https:\/\/airedefiestacuba.com\/en\/about-us\/","title":{"rendered":"About Us"},"content":{"rendered":"<div data-elementor-type=\"wp-page\" data-elementor-id=\"28780\" class=\"elementor elementor-28780\" data-elementor-post-type=\"page\">\n\t\t\t\t<div class=\"elementor-element elementor-element-b1596db e-flex e-con-boxed e-con e-parent\" data-id=\"b1596db\" data-element_type=\"container\">\n\t\t\t\t\t<div class=\"e-con-inner\">\n\t\t\t\t<div class=\"elementor-element elementor-element-9243e02 elementor-widget elementor-widget-heading\" data-id=\"9243e02\" data-element_type=\"widget\" data-widget_type=\"heading.default\">\n\t\t\t\t<div class=\"elementor-widget-container\">\n\t\t\t\t\t<h1 class=\"elementor-heading-title elementor-size-default\">ABOUT US<\/h1>\t\t\t\t<\/div>\n\t\t\t\t<\/div>\n\t\t\t\t<div class=\"elementor-element elementor-element-a60546f elementor-widget elementor-widget-text-editor\" data-id=\"a60546f\" data-element_type=\"widget\" data-widget_type=\"text-editor.default\">\n\t\t\t\t<div class=\"elementor-widget-container\">\n\t\t\t\t\t\t\t\t\t<p>Aire de Fiesta is the <strong>leading company in weddings and events in Cuba<\/strong>. With headquarters in Havana and presence in Varadero, we have been the reference in the sector for more than a decade.<\/p><p>\u00a0<\/p>\t\t\t\t\t\t\t\t<\/div>\n\t\t\t\t<\/div>\n\t\t\t\t<div class=\"elementor-element elementor-element-a8b74c9 elementor-widget elementor-widget-text-editor\" data-id=\"a8b74c9\" data-element_type=\"widget\" data-widget_type=\"text-editor.default\">\n\t\t\t\t<div class=\"elementor-widget-container\">\n\t\t\t\t\t\t\t\t\t<h2>OUR VISION<\/h2>\t\t\t\t\t\t\t\t<\/div>\n\t\t\t\t<\/div>\n\t\t\t\t<div class=\"elementor-element elementor-element-c193878 elementor-widget elementor-widget-text-editor\" data-id=\"c193878\" data-element_type=\"widget\" data-widget_type=\"text-editor.default\">\n\t\t\t\t<div class=\"elementor-widget-container\">\n\t\t\t\t\t\t\t\t\t<p>What made us grow and keeps us as leaders is the vision of our founder, <strong>Ailed de Guevara<\/strong>, who from the beginning <strong>set out to prove that in Cuba great events could also exist  with international standards<\/strong>.<\/p><p>\u00a0<\/p><p>At that time there were no large-scale weddings, and it was us who began making them possible. <strong>We heard many times \u201cyou are crazy\u201d<\/strong>, and yet, that was the key: not settling for what existed, but opening new paths. That spirit continues to guide our work, with the goal of bringing Cuba closer and closer to the international stage and of designing events that are not just setups, but memorable experiences.<\/p><p>\u00a0<\/p>\t\t\t\t\t\t\t\t<\/div>\n\t\t\t\t<\/div>\n\t\t\t\t<div class=\"elementor-element elementor-element-c0a2638 elementor-widget elementor-widget-text-editor\" data-id=\"c0a2638\" data-element_type=\"widget\" data-widget_type=\"text-editor.default\">\n\t\t\t\t<div class=\"elementor-widget-container\">\n\t\t\t\t\t\t\t\t\t<h2>OUR STRENGTHS<\/h2>\t\t\t\t\t\t\t\t<\/div>\n\t\t\t\t<\/div>\n\t\t\t\t<div class=\"elementor-element elementor-element-0abd3ff elementor-widget elementor-widget-text-editor\" data-id=\"0abd3ff\" data-element_type=\"widget\" data-widget_type=\"text-editor.default\">\n\t\t\t\t<div class=\"elementor-widget-container\">\n\t\t\t\t\t\t\t\t\t<p>Without a doubt, a great strength is <strong>having our own inventory that makes a difference<\/strong>: furniture, bars, platforms, dance floors, lounge areas, pergolas, food stations, tableware, glassware, lighting and so much more. Everything an event needs to take shape, along with what is not seen but ensures that everything works: <strong>from bar equipment to technical and service solutions<\/strong>.<\/p><p>\u00a0<\/p><p>Now then, <strong>what truly sets us apart is the ability to bring those resources together with a great human team<\/strong>. In large productions <strong>we can deploy more than 50 professionals just for setup<\/strong>, not including catering or coordination. And during fair seasons <strong>we have provided furniture and decoration logistical support for events of more than one thousand people<\/strong>, being able to handle several of them in the same week. That requires preparation, leadership and a solid team behind it, in addition to the inventory.\u00a0<\/p><p>\u00a0<\/p>\t\t\t\t\t\t\t\t<\/div>\n\t\t\t\t<\/div>\n\t\t\t\t<div class=\"elementor-element elementor-element-a0231b8 elementor-widget elementor-widget-text-editor\" data-id=\"a0231b8\" data-element_type=\"widget\" data-widget_type=\"text-editor.default\">\n\t\t\t\t<div class=\"elementor-widget-container\">\n\t\t\t\t\t\t\t\t\t<h2>OUR TEAM<\/h2>\t\t\t\t\t\t\t\t<\/div>\n\t\t\t\t<\/div>\n\t\t\t\t<div class=\"elementor-element elementor-element-0a0113f elementor-widget elementor-widget-text-editor\" data-id=\"0a0113f\" data-element_type=\"widget\" data-widget_type=\"text-editor.default\">\n\t\t\t\t<div class=\"elementor-widget-container\">\n\t\t\t\t\t\t\t\t\t<p><strong>Each area is covered by specialists:<\/strong> coordinators with training in tourism, a setup chief who is an engineer, event designers who are architects, and the most renowned florist in Cuba as a permanent ally.<\/p><p>\u00a0<\/p><p>With us you don\u2019t hire one person, but complete teams in each area, each with support and under the same vision. That ensures that an unforeseen issue in one front never affects the overall result, because each function is in the hands of different and dedicated professionals.<\/p><p>\u00a0<\/p><p>We create solid, well-designed projects, but in practice reality always surpasses them, because <strong>we never settle and always deliver more <\/strong><strong>than what we promise.<\/strong><\/p><p>\u00a0<\/p>\t\t\t\t\t\t\t\t<\/div>\n\t\t\t\t<\/div>\n\t\t\t\t<div class=\"elementor-element elementor-element-505a727 elementor-widget elementor-widget-text-editor\" data-id=\"505a727\" data-element_type=\"widget\" data-widget_type=\"text-editor.default\">\n\t\t\t\t<div class=\"elementor-widget-container\">\n\t\t\t\t\t\t\t\t\t<h2>WHY CHOOSE US<\/h2>\t\t\t\t\t\t\t\t<\/div>\n\t\t\t\t<\/div>\n\t\t\t\t<div class=\"elementor-element elementor-element-4138b62 elementor-widget elementor-widget-text-editor\" data-id=\"4138b62\" data-element_type=\"widget\" data-widget_type=\"text-editor.default\">\n\t\t\t\t<div class=\"elementor-widget-container\">\n\t\t\t\t\t\t\t\t\t<p><strong>Your wedding day is not a day to take risks.<\/strong> Nor is a major brand event, a quincea\u00f1era party or any special celebration.<\/p><p>\u00a0<\/p><p><strong>Aire de Fiesta means experience, vision and a team proven in extreme situations and in setups with hundreds of people.<\/strong><\/p><p>\u00a0<\/p><p>We are the leading company in the wedding and events sector in Cuba, with a name and prestige that we protect in every detail. And if you still want to confirm it, listen to the testimonies of those who know best: directors of hotel chains and top professionals in the industry who, with their own words, endorse the strength and value of our work. They are not influencers nor familiar faces: they are event experts, and their word is real guarantee.<\/p>\t\t\t\t\t\t\t\t<\/div>\n\t\t\t\t<\/div>\n\t\t<div class=\"elementor-element elementor-element-2926855 e-con-full e-flex e-con e-child\" data-id=\"2926855\" data-element_type=\"container\">\n\t\t\t\t<div class=\"elementor-element elementor-element-8db4572 elementor-widget__width-initial elementor-widget-mobile__width-inherit elementor-widget elementor-widget-heading\" data-id=\"8db4572\" data-element_type=\"widget\" data-widget_type=\"heading.default\">\n\t\t\t\t<div class=\"elementor-widget-container\">\n\t\t\t\t\t<h2 class=\"elementor-heading-title elementor-size-default\">TESTIMONIALS\n<\/h2>\t\t\t\t<\/div>\n\t\t\t\t<\/div>\n\t\t\t\t<\/div>\n\t\t\t\t\t<\/div>\n\t\t\t\t<\/div>\n\t\t<div class=\"elementor-element elementor-element-346bfee e-flex e-con-boxed e-con e-parent\" data-id=\"346bfee\" data-element_type=\"container\">\n\t\t\t\t\t<div class=\"e-con-inner\">\n\t\t<div class=\"elementor-element elementor-element-dfeedd9 e-con-full e-flex e-con e-child\" data-id=\"dfeedd9\" data-element_type=\"container\">\n\t\t\t\t<div class=\"elementor-element elementor-element-e85d297 elementor-widget elementor-widget-video\" data-id=\"e85d297\" data-element_type=\"widget\" data-settings=\"{&quot;youtube_url&quot;:&quot;https:\\\/\\\/youtu.be\\\/KeHRlyCPL3A&quot;,&quot;video_type&quot;:&quot;youtube&quot;,&quot;controls&quot;:&quot;yes&quot;}\" data-widget_type=\"video.default\">\n\t\t\t\t<div class=\"elementor-widget-container\">\n\t\t\t\t\t\t\t<div class=\"elementor-wrapper elementor-open-inline\">\n\t\t\t<div class=\"elementor-video\"><\/div>\t\t<\/div>\n\t\t\t\t\t\t<\/div>\n\t\t\t\t<\/div>\n\t\t\t\t<div class=\"elementor-element elementor-element-115f13a elementor-widget elementor-widget-text-editor\" data-id=\"115f13a\" data-element_type=\"widget\" data-widget_type=\"text-editor.default\">\n\t\t\t\t<div class=\"elementor-widget-container\">\n\t\t\t\t\t\t\t\t\t<p><strong>Alejandro Barrios Alvarez<\/strong> (General Director of Iberostar Cuba)<\/p>\t\t\t\t\t\t\t\t<\/div>\n\t\t\t\t<\/div>\n\t\t\t\t<\/div>\n\t\t<div class=\"elementor-element elementor-element-1d4bc60 e-con-full e-flex e-con e-child\" data-id=\"1d4bc60\" data-element_type=\"container\">\n\t\t\t\t<div class=\"elementor-element elementor-element-a0391e8 elementor-widget elementor-widget-video\" data-id=\"a0391e8\" data-element_type=\"widget\" data-settings=\"{&quot;youtube_url&quot;:&quot;https:\\\/\\\/youtube.com\\\/shorts\\\/LOYTc2eXpkw?feature=share&quot;,&quot;video_type&quot;:&quot;youtube&quot;,&quot;controls&quot;:&quot;yes&quot;}\" data-widget_type=\"video.default\">\n\t\t\t\t<div class=\"elementor-widget-container\">\n\t\t\t\t\t\t\t<div class=\"elementor-wrapper elementor-open-inline\">\n\t\t\t<div class=\"elementor-video\"><\/div>\t\t<\/div>\n\t\t\t\t\t\t<\/div>\n\t\t\t\t<\/div>\n\t\t\t\t<div class=\"elementor-element elementor-element-c45f4ef elementor-widget elementor-widget-text-editor\" data-id=\"c45f4ef\" data-element_type=\"widget\" data-widget_type=\"text-editor.default\">\n\t\t\t\t<div class=\"elementor-widget-container\">\n\t\t\t\t\t\t\t\t\t<p><strong>Yoan Hereira Naranjo<\/strong>\u00a0(Corporate Food and Beverage Manager Meli\u00e1 Hotels International Cuba)<\/p>\t\t\t\t\t\t\t\t<\/div>\n\t\t\t\t<\/div>\n\t\t\t\t<\/div>\n\t\t\t\t\t<\/div>\n\t\t\t\t<\/div>\n\t\t<div class=\"elementor-element elementor-element-f6c42b2 e-con-full e-flex e-con e-parent\" data-id=\"f6c42b2\" data-element_type=\"container\">\n\t\t\t\t<div class=\"elementor-element elementor-element-a75ba6c elementor-widget__width-initial elementor-align-center elementor-mobile-align-justify elementor-widget elementor-widget-button\" data-id=\"a75ba6c\" data-element_type=\"widget\" data-widget_type=\"button.default\">\n\t\t\t\t<div class=\"elementor-widget-container\">\n\t\t\t\t\t\t\t\t\t<div class=\"elementor-button-wrapper\">\n\t\t\t\t\t<a class=\"elementor-button elementor-button-link elementor-size-sm\" href=\"https:\/\/wa.me\/5358359595?text=Estoy%20interesada%20en%20realizar%20mi%20evento%20con%20ustedes.\">\n\t\t\t\t\t\t<span class=\"elementor-button-content-wrapper\">\n\t\t\t\t\t\t<span class=\"elementor-button-icon\">\n\t\t\t\t<svg aria-hidden=\"true\" class=\"e-font-icon-svg e-fab-whatsapp\" viewbox=\"0 0 448 512\" xmlns=\"http:\/\/www.w3.org\/2000\/svg\"><path d=\"M380.9 97.1C339 55.1 283.2 32 223.9 32c-122.4 0-222 99.6-222 222 0 39.1 10.2 77.3 29.6 111L0 480l117.7-30.9c32.4 17.7 68.9 27 106.1 27h.1c122.3 0 224.1-99.6 224.1-222 0-59.3-25.2-115-67.1-157zm-157 341.6c-33.2 0-65.7-8.9-94-25.7l-6.7-4-69.8 18.3L72 359.2l-4.4-7c-18.5-29.4-28.2-63.3-28.2-98.2 0-101.7 82.8-184.5 184.6-184.5 49.3 0 95.6 19.2 130.4 54.1 34.8 34.9 56.2 81.2 56.1 130.5 0 101.8-84.9 184.6-186.6 184.6zm101.2-138.2c-5.5-2.8-32.8-16.2-37.9-18-5.1-1.9-8.8-2.8-12.5 2.8-3.7 5.6-14.3 18-17.6 21.8-3.2 3.7-6.5 4.2-12 1.4-32.6-16.3-54-29.1-75.5-66-5.7-9.8 5.7-9.1 16.3-30.3 1.8-3.7.9-6.9-.5-9.7-1.4-2.8-12.5-30.1-17.1-41.2-4.5-10.8-9.1-9.3-12.5-9.5-3.2-.2-6.9-.2-10.6-.2-3.7 0-9.7 1.4-14.8 6.9-5.1 5.6-19.4 19-19.4 46.3 0 27.3 19.9 53.7 22.6 57.4 2.8 3.7 39.1 59.7 94.8 83.8 35.2 15.2 49 16.5 66.6 13.9 10.7-1.6 32.8-13.4 37.4-26.4 4.6-13 4.6-24.1 3.2-26.4-1.3-2.5-5-3.9-10.5-6.6z\"><\/path><\/svg>\t\t\t<\/span>\n\t\t\t\t\t\t\t\t\t<span class=\"elementor-button-text\">Hire service<\/span>\n\t\t\t\t\t<\/span>\n\t\t\t\t\t<\/a>\n\t\t\t\t<\/div>\n\t\t\t\t\t\t\t\t<\/div>\n\t\t\t\t<\/div>\n\t\t\t\t<\/div>\n\t\t\t\t<\/div>","protected":false},"excerpt":{"rendered":"<p>SOBRE NOSOTROS Aire de Fiesta es la empresa l\u00edder en bodas y eventos en Cuba. Con sede principal en La Habana y presencia en Varadero, llevamos m\u00e1s de una d\u00e9cada siendo el referente del sector. \u00a0 NUESTRA VISI\u00d3N Lo que nos hizo crecer y nos mantiene como l\u00edderes es la visi\u00f3n de nuestra fundadora, Ailed [&hellip;]<\/p>","protected":false},"author":18,"featured_media":0,"parent":0,"menu_order":0,"comment_status":"closed","ping_status":"closed","template":"","meta":{"site-sidebar-layout":"no-sidebar","site-content-layout":"page-builder","ast-site-content-layout":"full-width-container","site-content-style":"default","site-sidebar-style":"default","ast-global-header-display":"","ast-banner-title-visibility":"","ast-main-header-display":"","ast-hfb-above-header-display":"","ast-hfb-below-header-display":"","ast-hfb-mobile-header-display":"","site-post-title":"disabled","ast-breadcrumbs-content":"","ast-featured-img":"disabled","footer-sml-layout":"","theme-transparent-header-meta":"","adv-header-id-meta":"","stick-header-meta":"","header-above-stick-meta":"","header-main-stick-meta":"","header-below-stick-meta":"","astra-migrate-meta-layouts":"set","ast-page-background-enabled":"default","ast-page-background-meta":{"desktop":{"background-color":"var(--ast-global-color-4)","background-image":"","background-repeat":"repeat","background-position":"center center","background-size":"auto","background-attachment":"scroll","background-type":"","background-media":"","overlay-type":"","overlay-color":"","overlay-opacity":"","overlay-gradient":""},"tablet":{"background-color":"","background-image":"","background-repeat":"repeat","background-position":"center center","background-size":"auto","background-attachment":"scroll","background-type":"","background-media":"","overlay-type":"","overlay-color":"","overlay-opacity":"","overlay-gradient":""},"mobile":{"background-color":"","background-image":"","background-repeat":"repeat","background-position":"center center","background-size":"auto","background-attachment":"scroll","background-type":"","background-media":"","overlay-type":"","overlay-color":"","overlay-opacity":"","overlay-gradient":""}},"ast-content-background-meta":{"desktop":{"background-color":"var(--ast-global-color-5)","background-image":"","background-repeat":"repeat","background-position":"center center","background-size":"auto","background-attachment":"scroll","background-type":"","background-media":"","overlay-type":"","overlay-color":"","overlay-opacity":"","overlay-gradient":""},"tablet":{"background-color":"var(--ast-global-color-5)","background-image":"","background-repeat":"repeat","background-position":"center center","background-size":"auto","background-attachment":"scroll","background-type":"","background-media":"","overlay-type":"","overlay-color":"","overlay-opacity":"","overlay-gradient":""},"mobile":{"background-color":"var(--ast-global-color-5)","background-image":"","background-repeat":"repeat","background-position":"center center","background-size":"auto","background-attachment":"scroll","background-type":"","background-media":"","overlay-type":"","overlay-color":"","overlay-opacity":"","overlay-gradient":""}},"footnotes":""},"class_list":["post-28780","page","type-page","status-publish","hentry"],"yoast_head":"<!-- This site is optimized with the Yoast SEO Premium plugin v24.1 (Yoast SEO v26.7) - https:\/\/yoast.com\/wordpress\/plugins\/seo\/ -->\n<title>Sobre Nosotros | Aire de Fiesta<\/title>\n<meta name=\"description\" content=\"Aire de Fiesta es la empresa l\u00edder en bodas y eventos en Cuba. Llevamos m\u00e1s de una d\u00e9cada siendo el referente del sector. Sede en La Habana.\" \/>\n<meta name=\"robots\" content=\"index, follow, max-snippet:-1, max-image-preview:large, max-video-preview:-1\" \/>\n<link rel=\"canonical\" href=\"https:\/\/airedefiestacuba.com\/en\/about-us\/\" \/>\n<meta property=\"og:locale\" content=\"en_US\" \/>\n<meta property=\"og:type\" content=\"article\" \/>\n<meta property=\"og:title\" content=\"Sobre Nosotros\" \/>\n<meta property=\"og:description\" content=\"Bodas en La Habana y Varadero. Wedding planner de bodas en Cuba con dise\u00f1o exclusivo, atenci\u00f3n al detalle y escenarios inolvidables.\" \/>\n<meta property=\"og:url\" content=\"https:\/\/airedefiestacuba.com\/en\/about-us\/\" \/>\n<meta property=\"og:site_name\" content=\"Bodas en Cuba | Organizadores Expertos con +10 A\u00f1os de \u00c9xito\" \/>\n<meta property=\"article:modified_time\" content=\"2025-12-03T00:07:39+00:00\" \/>\n<meta property=\"og:image\" content=\"https:\/\/airedefiestacuba.com\/wp-content\/uploads\/2025\/01\/alba-renato-walking-seashore-varadero-wedding-scaled.jpg\" \/>\n\t<meta property=\"og:image:width\" content=\"2560\" \/>\n\t<meta property=\"og:image:height\" content=\"1707\" \/>\n\t<meta property=\"og:image:type\" content=\"image\/jpeg\" \/>\n<meta name=\"twitter:card\" content=\"summary_large_image\" \/>\n<meta name=\"twitter:description\" content=\"Bodas en La Habana y Varadero. Wedding planner de bodas en Cuba con dise\u00f1o exclusivo, atenci\u00f3n al detalle y escenarios inolvidables.\" \/>\n<meta name=\"twitter:image\" content=\"https:\/\/airedefiestacuba.com\/wp-content\/uploads\/2025\/01\/alba-renato-walking-seashore-varadero-wedding-scaled.jpg\" \/>\n<meta name=\"twitter:label1\" content=\"Est. reading time\" \/>\n\t<meta name=\"twitter:data1\" content=\"3 minutes\" \/>\n<script type=\"application\/ld+json\" class=\"yoast-schema-graph\">{\"@context\":\"https:\/\/schema.org\",\"@graph\":[{\"@type\":\"WebPage\",\"@id\":\"https:\/\/airedefiestacuba.com\/sobre-nosotros\/\",\"url\":\"https:\/\/airedefiestacuba.com\/sobre-nosotros\/\",\"name\":\"Sobre Nosotros | Aire de Fiesta\",\"isPartOf\":{\"@id\":\"https:\/\/airedefiestacuba.com\/#website\"},\"datePublished\":\"2025-11-27T22:11:37+00:00\",\"dateModified\":\"2025-12-03T00:07:39+00:00\",\"description\":\"Aire de Fiesta es la empresa l\u00edder en bodas y eventos en Cuba. Llevamos m\u00e1s de una d\u00e9cada siendo el referente del sector. Sede en La Habana.\",\"breadcrumb\":{\"@id\":\"https:\/\/airedefiestacuba.com\/sobre-nosotros\/#breadcrumb\"},\"inLanguage\":\"en-US\",\"potentialAction\":[{\"@type\":\"ReadAction\",\"target\":[\"https:\/\/airedefiestacuba.com\/sobre-nosotros\/\"]}]},{\"@type\":\"BreadcrumbList\",\"@id\":\"https:\/\/airedefiestacuba.com\/sobre-nosotros\/#breadcrumb\",\"itemListElement\":[{\"@type\":\"ListItem\",\"position\":1,\"name\":\"Home\",\"item\":\"https:\/\/airedefiestacuba.com\/\"},{\"@type\":\"ListItem\",\"position\":2,\"name\":\"Sobre Nosotros\"}]},{\"@type\":\"WebSite\",\"@id\":\"https:\/\/airedefiestacuba.com\/#website\",\"url\":\"https:\/\/airedefiestacuba.com\/\",\"name\":\"Bodas en Cuba | Organizadores Expertos con +10 A\u00f1os de \u00c9xito\",\"description\":\"Expertos en bodas de destino en Cuba. Convertimos tu visi\u00f3n en una celebraci\u00f3n perfecta. Garantizamos que tu \u00fanico trabajo sea decir &quot;S\u00ed, quiero&quot;.\",\"publisher\":{\"@id\":\"https:\/\/airedefiestacuba.com\/#organization\"},\"potentialAction\":[{\"@type\":\"SearchAction\",\"target\":{\"@type\":\"EntryPoint\",\"urlTemplate\":\"https:\/\/airedefiestacuba.com\/?s={search_term_string}\"},\"query-input\":{\"@type\":\"PropertyValueSpecification\",\"valueRequired\":true,\"valueName\":\"search_term_string\"}}],\"inLanguage\":\"en-US\"},{\"@type\":\"Organization\",\"@id\":\"https:\/\/airedefiestacuba.com\/#organization\",\"name\":\"Bodas en Cuba | Organizadores Expertos con +10 A\u00f1os de \u00c9xito\",\"url\":\"https:\/\/airedefiestacuba.com\/\",\"logo\":{\"@type\":\"ImageObject\",\"inLanguage\":\"en-US\",\"@id\":\"https:\/\/airedefiestacuba.com\/#\/schema\/logo\/image\/\",\"url\":\"https:\/\/airedefiestacuba.com\/wp-content\/uploads\/2022\/03\/3Asset-3.png\",\"contentUrl\":\"https:\/\/airedefiestacuba.com\/wp-content\/uploads\/2022\/03\/3Asset-3.png\",\"width\":1460,\"height\":777,\"caption\":\"Bodas en Cuba | Organizadores Expertos con +10 A\u00f1os de \u00c9xito\"},\"image\":{\"@id\":\"https:\/\/airedefiestacuba.com\/#\/schema\/logo\/image\/\"}}]}<\/script>\n<!-- \/ Yoast SEO Premium plugin. -->","yoast_head_json":{"title":"About Us | Aire de Fiesta","description":"Aire de Fiesta is the leading company in weddings and events in Cuba. We have been the reference in the sector for more than a decade. Based in Havana.","robots":{"index":"index","follow":"follow","max-snippet":"max-snippet:-1","max-image-preview":"max-image-preview:large","max-video-preview":"max-video-preview:-1"},"canonical":"https:\/\/airedefiestacuba.com\/en\/about-us\/","og_locale":"en_US","og_type":"article","og_title":"Sobre Nosotros","og_description":"Bodas en La Habana y Varadero. Wedding planner de bodas en Cuba con dise\u00f1o exclusivo, atenci\u00f3n al detalle y escenarios inolvidables.","og_url":"https:\/\/airedefiestacuba.com\/en\/about-us\/","og_site_name":"Bodas en Cuba | Organizadores Expertos con +10 A\u00f1os de \u00c9xito","article_modified_time":"2025-12-03T00:07:39+00:00","og_image":[{"width":2560,"height":1707,"url":"https:\/\/airedefiestacuba.com\/wp-content\/uploads\/2025\/01\/alba-renato-walking-seashore-varadero-wedding-scaled.jpg","type":"image\/jpeg"}],"twitter_card":"summary_large_image","twitter_description":"Bodas en La Habana y Varadero. Wedding planner de bodas en Cuba con dise\u00f1o exclusivo, atenci\u00f3n al detalle y escenarios inolvidables.","twitter_image":"https:\/\/airedefiestacuba.com\/wp-content\/uploads\/2025\/01\/alba-renato-walking-seashore-varadero-wedding-scaled.jpg","twitter_misc":{"Est. reading time":"3 minutes"},"schema":{"@context":"https:\/\/schema.org","@graph":[{"@type":"WebPage","@id":"https:\/\/airedefiestacuba.com\/sobre-nosotros\/","url":"https:\/\/airedefiestacuba.com\/sobre-nosotros\/","name":"About Us | Aire de Fiesta","isPartOf":{"@id":"https:\/\/airedefiestacuba.com\/#website"},"datePublished":"2025-11-27T22:11:37+00:00","dateModified":"2025-12-03T00:07:39+00:00","description":"Aire de Fiesta is the leading company in weddings and events in Cuba. We have been the reference in the sector for more than a decade. Based in Havana.","breadcrumb":{"@id":"https:\/\/airedefiestacuba.com\/sobre-nosotros\/#breadcrumb"},"inLanguage":"en-US","potentialAction":[{"@type":"ReadAction","target":["https:\/\/airedefiestacuba.com\/sobre-nosotros\/"]}]},{"@type":"BreadcrumbList","@id":"https:\/\/airedefiestacuba.com\/sobre-nosotros\/#breadcrumb","itemListElement":[{"@type":"ListItem","position":1,"name":"Home","item":"https:\/\/airedefiestacuba.com\/"},{"@type":"ListItem","position":2,"name":"Sobre Nosotros"}]},{"@type":"WebSite","@id":"https:\/\/airedefiestacuba.com\/#website","url":"https:\/\/airedefiestacuba.com\/","name":"Weddings in Cuba | Expert Planners with 10+ Years of Success","description":"Experts in destination weddings in Cuba. We turn your vision into a perfect celebration. We guarantee that your only job will be to say \"I do.\"","publisher":{"@id":"https:\/\/airedefiestacuba.com\/#organization"},"potentialAction":[{"@type":"SearchAction","target":{"@type":"EntryPoint","urlTemplate":"https:\/\/airedefiestacuba.com\/?s={search_term_string}"},"query-input":{"@type":"PropertyValueSpecification","valueRequired":true,"valueName":"search_term_string"}}],"inLanguage":"en-US"},{"@type":"Organization","@id":"https:\/\/airedefiestacuba.com\/#organization","name":"Weddings in Cuba | Expert Planners with 10+ Years of Success","url":"https:\/\/airedefiestacuba.com\/","logo":{"@type":"ImageObject","inLanguage":"en-US","@id":"https:\/\/airedefiestacuba.com\/#\/schema\/logo\/image\/","url":"https:\/\/airedefiestacuba.com\/wp-content\/uploads\/2022\/03\/3Asset-3.png","contentUrl":"https:\/\/airedefiestacuba.com\/wp-content\/uploads\/2022\/03\/3Asset-3.png","width":1460,"height":777,"caption":"Bodas en Cuba | Organizadores Expertos con +10 A\u00f1os de \u00c9xito"},"image":{"@id":"https:\/\/airedefiestacuba.com\/#\/schema\/logo\/image\/"}}]}},"_links":{"self":[{"href":"https:\/\/airedefiestacuba.com\/en\/wp-json\/wp\/v2\/pages\/28780","targetHints":{"allow":["GET"]}}],"collection":[{"href":"https:\/\/airedefiestacuba.com\/en\/wp-json\/wp\/v2\/pages"}],"about":[{"href":"https:\/\/airedefiestacuba.com\/en\/wp-json\/wp\/v2\/types\/page"}],"author":[{"embeddable":true,"href":"https:\/\/airedefiestacuba.com\/en\/wp-json\/wp\/v2\/users\/18"}],"replies":[{"embeddable":true,"href":"https:\/\/airedefiestacuba.com\/en\/wp-json\/wp\/v2\/comments?post=28780"}],"version-history":[{"count":34,"href":"https:\/\/airedefiestacuba.com\/en\/wp-json\/wp\/v2\/pages\/28780\/revisions"}],"predecessor-version":[{"id":28827,"href":"https:\/\/airedefiestacuba.com\/en\/wp-json\/wp\/v2\/pages\/28780\/revisions\/28827"}],"wp:attachment":[{"href":"https:\/\/airedefiestacuba.com\/en\/wp-json\/wp\/v2\/media?parent=28780"}],"curies":[{"name":"wp","href":"https:\/\/api.w.org\/{rel}","templated":true}]}}