{"id":2286,"date":"2024-01-18T22:00:49","date_gmt":"2024-01-18T21:00:49","guid":{"rendered":"https:\/\/airedefiestacuba.com\/?page_id=2286"},"modified":"2025-08-22T07:53:53","modified_gmt":"2025-08-22T05:53:53","slug":"contact-wedding-planner-in-cuba","status":"publish","type":"page","link":"https:\/\/airedefiestacuba.com\/en\/contact-wedding-planner-in-cuba\/","title":{"rendered":"Contact"},"content":{"rendered":"<div data-elementor-type=\"wp-page\" data-elementor-id=\"2286\" class=\"elementor elementor-2286\" data-elementor-post-type=\"page\">\n\t\t\t\t<div class=\"elementor-element elementor-element-37f772e e-con-full e-flex e-con e-parent\" data-id=\"37f772e\" data-element_type=\"container\">\n\t\t\t\t<div class=\"elementor-element elementor-element-779dfd0 elementor-widget__width-inherit elementor-widget elementor-widget-google_maps\" data-id=\"779dfd0\" data-element_type=\"widget\" data-widget_type=\"google_maps.default\">\n\t\t\t\t<div class=\"elementor-widget-container\">\n\t\t\t\t\t\t\t<div class=\"elementor-custom-embed\">\n\t\t\t<iframe loading=\"lazy\"\n\t\t\t\t\tsrc=\"https:\/\/maps.google.com\/maps?q=Aire%20de%20Fiesta%20La%20Habana&#038;t=m&#038;z=17&#038;output=embed&#038;iwloc=near\"\n\t\t\t\t\ttitle=\"Aire de Fiesta Havana\"\n\t\t\t\t\taria-label=\"Aire de Fiesta Havana\"\n\t\t\t><\/iframe>\n\t\t<\/div>\n\t\t\t\t\t\t<\/div>\n\t\t\t\t<\/div>\n\t\t\t\t<\/div>\n\t\t<div class=\"elementor-element elementor-element-1474c0e e-flex e-con-boxed e-con e-parent\" data-id=\"1474c0e\" data-element_type=\"container\">\n\t\t\t\t\t<div class=\"e-con-inner\">\n\t\t<div class=\"elementor-element elementor-element-abe587c e-con-full e-flex e-con e-child\" data-id=\"abe587c\" data-element_type=\"container\">\n\t\t\t\t<div class=\"elementor-element elementor-element-b6336f8 elementor-widget elementor-widget-heading\" data-id=\"b6336f8\" data-element_type=\"widget\" data-widget_type=\"heading.default\">\n\t\t\t\t<div class=\"elementor-widget-container\">\n\t\t\t\t\t<h1 class=\"elementor-heading-title elementor-size-default\">Contact<\/h1>\t\t\t\t<\/div>\n\t\t\t\t<\/div>\n\t\t\t\t<\/div>\n\t\t\t\t\t<\/div>\n\t\t\t\t<\/div>\n\t\t<div class=\"elementor-element elementor-element-b8d9c64 e-con-full e-flex e-con e-parent\" data-id=\"b8d9c64\" data-element_type=\"container\">\n\t\t<div class=\"elementor-element elementor-element-ba9a850 e-flex e-con-boxed e-con e-child\" data-id=\"ba9a850\" data-element_type=\"container\">\n\t\t\t\t\t<div class=\"e-con-inner\">\n\t\t\t\t<div class=\"elementor-element elementor-element-ac2c6eb elementor-widget elementor-widget-text-editor\" data-id=\"ac2c6eb\" data-element_type=\"widget\" data-widget_type=\"text-editor.default\">\n\t\t\t\t<div class=\"elementor-widget-container\">\n\t\t\t\t\t\t\t\t\t<p class=\"p1\">At Aire de Fiesta, we understand how important it is to feel supported from the very beginning. That\u2019s why we offer two different contact channels, depending on the type of inquiry or the stage of planning you\u2019re in.<\/p><p>\u00a0<\/p><h3 class=\"p4\"><b>Customer service via WhatsApp<\/b><\/h3><p class=\"p3\">If you are taking the first steps in organizing your wedding or event in Cuba, this is the ideal channel for you. Our customer service team is available to answer your questions, send you general information, help you with initial quotes, and guide you through the planning process.<\/p><p>\u00a0<\/p><p class=\"p3\">Write to us directly on WhatsApp and tell us what kind of celebration you have in mind. We will reply as soon as possible with close, professional, and personalized attention.<\/p><p>\u00a0<\/p><h3 class=\"p4\"><b>General Management<\/b><\/h3><p class=\"p3\">Some events require more direct attention. If you are already in contact with us or if your celebration is especially complex or personalized, you can communicate directly with the general management. This number is reserved for brides who are in an advanced stage of planning, in procedures, or with situations that require special follow-up.<\/p><p>\u00a0<\/p><p class=\"p3\">You can also use this channel if you represent a company or institution that wants to organize a high-profile event with us.<\/p><p>\u00a0<\/p><p class=\"p1\">In both cases, please include your name, the estimated date of the event, and the type of celebration you wish to organize. This will help us assist you more quickly and effectively.In entrambi i casi, ti chiediamo di indicare il tuo nome, la data stimata dell\u2019evento e il tipo di celebrazione che desideri organizzare. In questo modo potremo aiutarti in modo pi\u00f9 rapido ed efficace.<br \/><br \/>We are at your disposal\u2026<\/p>\t\t\t\t\t\t\t\t<\/div>\n\t\t\t\t<\/div>\n\t\t\t\t\t<\/div>\n\t\t\t\t<\/div>\n\t\t\t\t<\/div>\n\t\t<div class=\"elementor-element elementor-element-2006e11 e-flex e-con-boxed e-con e-parent\" data-id=\"2006e11\" data-element_type=\"container\">\n\t\t\t\t\t<div class=\"e-con-inner\">\n\t\t<div class=\"elementor-element elementor-element-8c17e7d e-con-full e-flex e-con e-child\" data-id=\"8c17e7d\" data-element_type=\"container\" data-settings=\"{&quot;background_background&quot;:&quot;classic&quot;}\">\n\t\t\t\t<div class=\"elementor-element elementor-element-a2b4abd elementor-widget-tablet__width-initial elementor-widget-mobile__width-initial mailto elementor-widget elementor-widget-text-editor\" data-id=\"a2b4abd\" data-element_type=\"widget\" data-widget_type=\"text-editor.default\">\n\t\t\t\t<div class=\"elementor-widget-container\">\n\t\t\t\t\t\t\t\t\t<p><strong>Customer service: \u00a0<\/strong><\/p><p class=\"elementor-heading-title elementor-size-default\">\u00a0<\/p>\t\t\t\t\t\t\t\t<\/div>\n\t\t\t\t<\/div>\n\t\t\t\t<div class=\"elementor-element elementor-element-6a710c1 elementor-widget elementor-widget-heading\" data-id=\"6a710c1\" data-element_type=\"widget\" data-widget_type=\"heading.default\">\n\t\t\t\t<div class=\"elementor-widget-container\">\n\t\t\t\t\t<p class=\"elementor-heading-title elementor-size-default\"><a href=\"tel:+5358359595\">+53 5 8359595<\/a><\/p>\t\t\t\t<\/div>\n\t\t\t\t<\/div>\n\t\t\t\t<\/div>\n\t\t<div class=\"elementor-element elementor-element-cf4c9ee e-con-full e-flex e-con e-child\" data-id=\"cf4c9ee\" data-element_type=\"container\" data-settings=\"{&quot;background_background&quot;:&quot;classic&quot;}\">\n\t\t\t\t<div class=\"elementor-element elementor-element-3e3fcbb elementor-widget-tablet__width-initial elementor-widget-mobile__width-initial mailto elementor-widget elementor-widget-text-editor\" data-id=\"3e3fcbb\" data-element_type=\"widget\" data-widget_type=\"text-editor.default\">\n\t\t\t\t<div class=\"elementor-widget-container\">\n\t\t\t\t\t\t\t\t\t<p><strong>General management:<\/strong><\/p><p class=\"elementor-heading-title elementor-size-default\">\u00a0<\/p>\t\t\t\t\t\t\t\t<\/div>\n\t\t\t\t<\/div>\n\t\t\t\t<div class=\"elementor-element elementor-element-dd3b5ea elementor-widget elementor-widget-heading\" data-id=\"dd3b5ea\" data-element_type=\"widget\" data-widget_type=\"heading.default\">\n\t\t\t\t<div class=\"elementor-widget-container\">\n\t\t\t\t\t<p class=\"elementor-heading-title elementor-size-default\"><a href=\"tel:+5352589595\">+53 5 258 9595<\/a><\/p>\t\t\t\t<\/div>\n\t\t\t\t<\/div>\n\t\t\t\t<\/div>\n\t\t\t\t\t<\/div>\n\t\t\t\t<\/div>\n\t\t<div class=\"elementor-element elementor-element-efca14d e-con-full e-flex e-con e-parent\" data-id=\"efca14d\" data-element_type=\"container\">\n\t\t<div class=\"elementor-element elementor-element-a22af66 e-con-full e-flex e-con e-child\" data-id=\"a22af66\" data-element_type=\"container\" data-settings=\"{&quot;background_background&quot;:&quot;classic&quot;}\">\n\t\t\t\t<div class=\"elementor-element elementor-element-98b11b4 elementor-widget-tablet__width-initial elementor-widget-mobile__width-initial mailto elementor-widget elementor-widget-text-editor\" data-id=\"98b11b4\" data-element_type=\"widget\" data-widget_type=\"text-editor.default\">\n\t\t\t\t<div class=\"elementor-widget-container\">\n\t\t\t\t\t\t\t\t\t<p><strong>Email:<\/strong><\/p><p class=\"elementor-heading-title elementor-size-default\">\u00a0<\/p>\t\t\t\t\t\t\t\t<\/div>\n\t\t\t\t<\/div>\n\t\t\t\t<div class=\"elementor-element elementor-element-6547f7e elementor-widget elementor-widget-text-editor\" data-id=\"6547f7e\" data-element_type=\"widget\" data-widget_type=\"text-editor.default\">\n\t\t\t\t<div class=\"elementor-widget-container\">\n\t\t\t\t\t\t\t\t\t<p><a href=\"mailto:eventos@airedefiestacuba.com\">eventos@airedefiestacuba.com<\/a><\/p>\t\t\t\t\t\t\t\t<\/div>\n\t\t\t\t<\/div>\n\t\t\t\t<\/div>\n\t\t<div class=\"elementor-element elementor-element-5164b09 e-con-full e-flex e-con e-child\" data-id=\"5164b09\" data-element_type=\"container\" data-settings=\"{&quot;background_background&quot;:&quot;classic&quot;}\">\n\t\t\t\t<div class=\"elementor-element elementor-element-cd443ef elementor-widget-tablet__width-initial elementor-widget-mobile__width-initial mailto elementor-widget elementor-widget-text-editor\" data-id=\"cd443ef\" data-element_type=\"widget\" data-widget_type=\"text-editor.default\">\n\t\t\t\t<div class=\"elementor-widget-container\">\n\t\t\t\t\t\t\t\t\t<p><strong>Customer service:<\/strong><\/p><p class=\"elementor-heading-title elementor-size-default\">\u00a0<\/p>\t\t\t\t\t\t\t\t<\/div>\n\t\t\t\t<\/div>\n\t\t\t\t<div class=\"elementor-element elementor-element-fd1e437 elementor-widget-tablet__width-initial elementor-widget-mobile__width-initial mailto elementor-widget elementor-widget-text-editor\" data-id=\"fd1e437\" data-element_type=\"widget\" data-widget_type=\"text-editor.default\">\n\t\t\t\t<div class=\"elementor-widget-container\">\n\t\t\t\t\t\t\t\t\t<p>Monday to Friday. 10:00 a.m to 6:00 p.m<\/p><p class=\"elementor-heading-title elementor-size-default\">\u00a0<\/p>\t\t\t\t\t\t\t\t<\/div>\n\t\t\t\t<\/div>\n\t\t\t\t<\/div>\n\t\t\t\t<\/div>\n\t\t<div class=\"elementor-element elementor-element-6a885f6 e-flex e-con-boxed e-con e-parent\" data-id=\"6a885f6\" data-element_type=\"container\">\n\t\t\t\t\t<div class=\"e-con-inner\">\n\t\t\t\t<div class=\"elementor-element elementor-element-24688b3 elementor-widget-tablet__width-initial bordercolors elementor-widget elementor-widget-text-editor\" data-id=\"24688b3\" data-element_type=\"widget\" data-widget_type=\"text-editor.default\">\n\t\t\t\t<div class=\"elementor-widget-container\">\n\t\t\t\t\t\t\t\t\t<h3><a href=\"https:\/\/airedefiestacuba.com\/en\/wedding-portfolio-aire-de-fiesta\/\"><span style=\"text-decoration: underline;\">GET INSPIRED BY OUR WEDDING PORTFOLIO<\/span><\/a><\/h3>\t\t\t\t\t\t\t\t<\/div>\n\t\t\t\t<\/div>\n\t\t\t\t\t<\/div>\n\t\t\t\t<\/div>\n\t\t\t\t<\/div>","protected":false},"excerpt":{"rendered":"<p>Contacto En Aire de Fiesta entendemos lo importante que es sentirse acompa\u00f1ado desde el primer momento. Por eso, ofrecemos dos v\u00edas de contacto diferenciadas, seg\u00fan el tipo de consulta o la etapa de planificaci\u00f3n en la que te encuentres. \u00a0 Atenci\u00f3n al cliente v\u00eda WhatsApp Si est\u00e1s dando los primeros pasos en la organizaci\u00f3n de [&hellip;]<\/p>","protected":false},"author":1,"featured_media":0,"parent":0,"menu_order":0,"comment_status":"closed","ping_status":"closed","template":"elementor_header_footer","meta":{"site-sidebar-layout":"no-sidebar","site-content-layout":"page-builder","ast-site-content-layout":"full-width-container","site-content-style":"default","site-sidebar-style":"default","ast-global-header-display":"","ast-banner-title-visibility":"","ast-main-header-display":"","ast-hfb-above-header-display":"","ast-hfb-below-header-display":"","ast-hfb-mobile-header-display":"","site-post-title":"disabled","ast-breadcrumbs-content":"","ast-featured-img":"disabled","footer-sml-layout":"","theme-transparent-header-meta":"","adv-header-id-meta":"","stick-header-meta":"","header-above-stick-meta":"","header-main-stick-meta":"","header-below-stick-meta":"","astra-migrate-meta-layouts":"set","ast-page-background-enabled":"default","ast-page-background-meta":{"desktop":{"background-color":"var(--ast-global-color-4)","background-image":"","background-repeat":"repeat","background-position":"center center","background-size":"auto","background-attachment":"scroll","background-type":"","background-media":"","overlay-type":"","overlay-color":"","overlay-opacity":"","overlay-gradient":""},"tablet":{"background-color":"","background-image":"","background-repeat":"repeat","background-position":"center center","background-size":"auto","background-attachment":"scroll","background-type":"","background-media":"","overlay-type":"","overlay-color":"","overlay-opacity":"","overlay-gradient":""},"mobile":{"background-color":"","background-image":"","background-repeat":"repeat","background-position":"center center","background-size":"auto","background-attachment":"scroll","background-type":"","background-media":"","overlay-type":"","overlay-color":"","overlay-opacity":"","overlay-gradient":""}},"ast-content-background-meta":{"desktop":{"background-color":"var(--ast-global-color-5)","background-image":"","background-repeat":"repeat","background-position":"center center","background-size":"auto","background-attachment":"scroll","background-type":"","background-media":"","overlay-type":"","overlay-color":"","overlay-opacity":"","overlay-gradient":""},"tablet":{"background-color":"var(--ast-global-color-5)","background-image":"","background-repeat":"repeat","background-position":"center center","background-size":"auto","background-attachment":"scroll","background-type":"","background-media":"","overlay-type":"","overlay-color":"","overlay-opacity":"","overlay-gradient":""},"mobile":{"background-color":"var(--ast-global-color-5)","background-image":"","background-repeat":"repeat","background-position":"center center","background-size":"auto","background-attachment":"scroll","background-type":"","background-media":"","overlay-type":"","overlay-color":"","overlay-opacity":"","overlay-gradient":""}},"footnotes":""},"class_list":["post-2286","page","type-page","status-publish","hentry"],"yoast_head":"<!-- This site is optimized with the Yoast SEO Premium plugin v24.1 (Yoast SEO v26.7) - https:\/\/yoast.com\/wordpress\/plugins\/seo\/ -->\n<title>Contactar un wedding planner en Cuba | Aire de Fiesta<\/title>\n<meta name=\"description\" content=\"\u00bfQuieres contactar un wedding planner en Cuba? Escr\u00edbenos y descubre c\u00f3mo podemos ayudarte a planificar tu boda o evento especial.\" \/>\n<meta name=\"robots\" content=\"index, follow, max-snippet:-1, max-image-preview:large, max-video-preview:-1\" \/>\n<link rel=\"canonical\" href=\"https:\/\/airedefiestacuba.com\/en\/contact-wedding-planner-in-cuba\/\" \/>\n<meta property=\"og:locale\" content=\"en_US\" \/>\n<meta property=\"og:type\" content=\"article\" \/>\n<meta property=\"og:title\" content=\"Contacto\" \/>\n<meta property=\"og:description\" content=\"\u00bfQuieres contactar un wedding planner en Cuba? Escr\u00edbenos y descubre c\u00f3mo podemos ayudarte a planificar tu boda o evento especial.\" \/>\n<meta property=\"og:url\" content=\"https:\/\/airedefiestacuba.com\/en\/contact-wedding-planner-in-cuba\/\" \/>\n<meta property=\"og:site_name\" content=\"Bodas en Cuba | Organizadores Expertos con +10 A\u00f1os de \u00c9xito\" \/>\n<meta property=\"article:modified_time\" content=\"2025-08-22T05:53:53+00:00\" \/>\n<meta name=\"twitter:card\" content=\"summary_large_image\" \/>\n<meta name=\"twitter:label1\" content=\"Est. reading time\" \/>\n\t<meta name=\"twitter:data1\" content=\"2 minutes\" \/>\n<script type=\"application\/ld+json\" class=\"yoast-schema-graph\">{\"@context\":\"https:\/\/schema.org\",\"@graph\":[{\"@type\":\"WebPage\",\"@id\":\"https:\/\/airedefiestacuba.com\/contactar-wedding-planner-en-cuba\/\",\"url\":\"https:\/\/airedefiestacuba.com\/contactar-wedding-planner-en-cuba\/\",\"name\":\"Contactar un wedding planner en Cuba | Aire de Fiesta\",\"isPartOf\":{\"@id\":\"https:\/\/airedefiestacuba.com\/#website\"},\"datePublished\":\"2024-01-18T21:00:49+00:00\",\"dateModified\":\"2025-08-22T05:53:53+00:00\",\"description\":\"\u00bfQuieres contactar un wedding planner en Cuba? Escr\u00edbenos y descubre c\u00f3mo podemos ayudarte a planificar tu boda o evento especial.\",\"breadcrumb\":{\"@id\":\"https:\/\/airedefiestacuba.com\/contactar-wedding-planner-en-cuba\/#breadcrumb\"},\"inLanguage\":\"en-US\",\"potentialAction\":[{\"@type\":\"ReadAction\",\"target\":[\"https:\/\/airedefiestacuba.com\/contactar-wedding-planner-en-cuba\/\"]}]},{\"@type\":\"BreadcrumbList\",\"@id\":\"https:\/\/airedefiestacuba.com\/contactar-wedding-planner-en-cuba\/#breadcrumb\",\"itemListElement\":[{\"@type\":\"ListItem\",\"position\":1,\"name\":\"Home\",\"item\":\"https:\/\/airedefiestacuba.com\/\"},{\"@type\":\"ListItem\",\"position\":2,\"name\":\"Contacto\"}]},{\"@type\":\"WebSite\",\"@id\":\"https:\/\/airedefiestacuba.com\/#website\",\"url\":\"https:\/\/airedefiestacuba.com\/\",\"name\":\"Bodas en Cuba | Organizadores Expertos con +10 A\u00f1os de \u00c9xito\",\"description\":\"Expertos en bodas de destino en Cuba. Convertimos tu visi\u00f3n en una celebraci\u00f3n perfecta. Garantizamos que tu \u00fanico trabajo sea decir &quot;S\u00ed, quiero&quot;.\",\"publisher\":{\"@id\":\"https:\/\/airedefiestacuba.com\/#organization\"},\"potentialAction\":[{\"@type\":\"SearchAction\",\"target\":{\"@type\":\"EntryPoint\",\"urlTemplate\":\"https:\/\/airedefiestacuba.com\/?s={search_term_string}\"},\"query-input\":{\"@type\":\"PropertyValueSpecification\",\"valueRequired\":true,\"valueName\":\"search_term_string\"}}],\"inLanguage\":\"en-US\"},{\"@type\":\"Organization\",\"@id\":\"https:\/\/airedefiestacuba.com\/#organization\",\"name\":\"Bodas en Cuba | Organizadores Expertos con +10 A\u00f1os de \u00c9xito\",\"url\":\"https:\/\/airedefiestacuba.com\/\",\"logo\":{\"@type\":\"ImageObject\",\"inLanguage\":\"en-US\",\"@id\":\"https:\/\/airedefiestacuba.com\/#\/schema\/logo\/image\/\",\"url\":\"https:\/\/airedefiestacuba.com\/wp-content\/uploads\/2022\/03\/3Asset-3.png\",\"contentUrl\":\"https:\/\/airedefiestacuba.com\/wp-content\/uploads\/2022\/03\/3Asset-3.png\",\"width\":1460,\"height\":777,\"caption\":\"Bodas en Cuba | Organizadores Expertos con +10 A\u00f1os de \u00c9xito\"},\"image\":{\"@id\":\"https:\/\/airedefiestacuba.com\/#\/schema\/logo\/image\/\"}}]}<\/script>\n<!-- \/ Yoast SEO Premium plugin. -->","yoast_head_json":{"title":"Contact a wedding planner in Cuba | Aire de Fiesta","description":"Do you want to contact a wedding planner in Cuba? Write to us and discover how we can help you plan your wedding or special event.","robots":{"index":"index","follow":"follow","max-snippet":"max-snippet:-1","max-image-preview":"max-image-preview:large","max-video-preview":"max-video-preview:-1"},"canonical":"https:\/\/airedefiestacuba.com\/en\/contact-wedding-planner-in-cuba\/","og_locale":"en_US","og_type":"article","og_title":"Contacto","og_description":"\u00bfQuieres contactar un wedding planner en Cuba? Escr\u00edbenos y descubre c\u00f3mo podemos ayudarte a planificar tu boda o evento especial.","og_url":"https:\/\/airedefiestacuba.com\/en\/contact-wedding-planner-in-cuba\/","og_site_name":"Bodas en Cuba | Organizadores Expertos con +10 A\u00f1os de \u00c9xito","article_modified_time":"2025-08-22T05:53:53+00:00","twitter_card":"summary_large_image","twitter_misc":{"Est. reading time":"2 minutes"},"schema":{"@context":"https:\/\/schema.org","@graph":[{"@type":"WebPage","@id":"https:\/\/airedefiestacuba.com\/contactar-wedding-planner-en-cuba\/","url":"https:\/\/airedefiestacuba.com\/contactar-wedding-planner-en-cuba\/","name":"Contact a wedding planner in Cuba | Aire de Fiesta","isPartOf":{"@id":"https:\/\/airedefiestacuba.com\/#website"},"datePublished":"2024-01-18T21:00:49+00:00","dateModified":"2025-08-22T05:53:53+00:00","description":"Do you want to contact a wedding planner in Cuba? Write to us and discover how we can help you plan your wedding or special event.","breadcrumb":{"@id":"https:\/\/airedefiestacuba.com\/contactar-wedding-planner-en-cuba\/#breadcrumb"},"inLanguage":"en-US","potentialAction":[{"@type":"ReadAction","target":["https:\/\/airedefiestacuba.com\/contactar-wedding-planner-en-cuba\/"]}]},{"@type":"BreadcrumbList","@id":"https:\/\/airedefiestacuba.com\/contactar-wedding-planner-en-cuba\/#breadcrumb","itemListElement":[{"@type":"ListItem","position":1,"name":"Home","item":"https:\/\/airedefiestacuba.com\/"},{"@type":"ListItem","position":2,"name":"Contacto"}]},{"@type":"WebSite","@id":"https:\/\/airedefiestacuba.com\/#website","url":"https:\/\/airedefiestacuba.com\/","name":"Weddings in Cuba | Expert Planners with 10+ Years of Success","description":"Experts in destination weddings in Cuba. We turn your vision into a perfect celebration. We guarantee that your only job will be to say \"I do.\"","publisher":{"@id":"https:\/\/airedefiestacuba.com\/#organization"},"potentialAction":[{"@type":"SearchAction","target":{"@type":"EntryPoint","urlTemplate":"https:\/\/airedefiestacuba.com\/?s={search_term_string}"},"query-input":{"@type":"PropertyValueSpecification","valueRequired":true,"valueName":"search_term_string"}}],"inLanguage":"en-US"},{"@type":"Organization","@id":"https:\/\/airedefiestacuba.com\/#organization","name":"Weddings in Cuba | Expert Planners with 10+ Years of Success","url":"https:\/\/airedefiestacuba.com\/","logo":{"@type":"ImageObject","inLanguage":"en-US","@id":"https:\/\/airedefiestacuba.com\/#\/schema\/logo\/image\/","url":"https:\/\/airedefiestacuba.com\/wp-content\/uploads\/2022\/03\/3Asset-3.png","contentUrl":"https:\/\/airedefiestacuba.com\/wp-content\/uploads\/2022\/03\/3Asset-3.png","width":1460,"height":777,"caption":"Bodas en Cuba | Organizadores Expertos con +10 A\u00f1os de \u00c9xito"},"image":{"@id":"https:\/\/airedefiestacuba.com\/#\/schema\/logo\/image\/"}}]}},"_links":{"self":[{"href":"https:\/\/airedefiestacuba.com\/en\/wp-json\/wp\/v2\/pages\/2286","targetHints":{"allow":["GET"]}}],"collection":[{"href":"https:\/\/airedefiestacuba.com\/en\/wp-json\/wp\/v2\/pages"}],"about":[{"href":"https:\/\/airedefiestacuba.com\/en\/wp-json\/wp\/v2\/types\/page"}],"author":[{"embeddable":true,"href":"https:\/\/airedefiestacuba.com\/en\/wp-json\/wp\/v2\/users\/1"}],"replies":[{"embeddable":true,"href":"https:\/\/airedefiestacuba.com\/en\/wp-json\/wp\/v2\/comments?post=2286"}],"version-history":[{"count":94,"href":"https:\/\/airedefiestacuba.com\/en\/wp-json\/wp\/v2\/pages\/2286\/revisions"}],"predecessor-version":[{"id":28087,"href":"https:\/\/airedefiestacuba.com\/en\/wp-json\/wp\/v2\/pages\/2286\/revisions\/28087"}],"wp:attachment":[{"href":"https:\/\/airedefiestacuba.com\/en\/wp-json\/wp\/v2\/media?parent=2286"}],"curies":[{"name":"wp","href":"https:\/\/api.w.org\/{rel}","templated":true}]}}